{"id":2168,"date":"2018-12-10T12:39:54","date_gmt":"2018-12-10T12:39:54","guid":{"rendered":"https:\/\/www.centrocongressosalgarve.com\/homepage\/"},"modified":"2025-04-08T17:04:18","modified_gmt":"2025-04-08T17:04:18","slug":"homepage","status":"publish","type":"page","link":"https:\/\/www.centrocongressosalgarve.com\/de\/","title":{"rendered":"Homepage"},"content":{"rendered":"\n<h1 class=\"wp-block-heading\">Kongresszentrum in der Algarve<\/h1>\n\n\n\n<p>Die modernen R\u00e4umlichkeiten mit anpassbaren Konfigurationen und modernster Technologie erm\u00f6glichen es, Gruppen unterschiedlicher Dimensionen zu empfangen und von den erg\u00e4nzenden Dienstleistungen zu profitieren, die von Tivoli Marina Vilamoura angeboten werden, wie beispielsweise Restaurants, Schwimmb\u00e4der, Spa, Fitnessraum, konzessionierter Strand in Vilamoura, Purobeach Vilamoura, usw.<\/p>\n\n\n\n<p>Aufgrund der privilegierten Bedingungen f\u00fcr Konferenzen, Meetings und Veranstaltungen ist es m\u00f6glich, mit den verschiedenen L\u00f6sungen und M\u00f6glichkeiten, die die Region bietet, die richtige Menge an Abenteuer und Entspannung hinzuzuf\u00fcgen.<\/p>\n\n\n\n<div style=\"height:40px\" aria-hidden=\"true\" class=\"wp-block-spacer\"><\/div>\n\n\n\n<figure class=\"wp-block-embed is-type-video is-provider-youtube wp-block-embed-youtube wp-embed-aspect-16-9 wp-has-aspect-ratio\"><div class=\"wp-block-embed__wrapper\">\n<div class=\"youtube embed-container not-loaded is-type-video youtube\"><div class=\"video-placeholder\" style=\"background-image: url(https:\/\/img.youtube.com\/vi\/lpb1451sBIU\/maxresdefault.jpg);\"><\/div><div class=\"iframe youtube-video\" title=\"Centro de Congressos do Algarve | Video Oficial | Legendado em EN\" data-iframe-src=\"lpb1451sBIU\" data-iframe-origin=\"https:\/\/www.centrocongressosalgarve.com\/de\/\" data-iframe-start=\"0\"><noscript><iframe loading=\"lazy\" class=\"youtube-video\" title=\"Youtube video\" width=\"640\" height=\"360\" src=\"https:\/\/www.youtube.com\/embed\/lpb1451sBIU?modestbranding=1&#038;showinfo=0&#038;rel=0&#038;enablejsapi=1&#038;origin=https:\/\/www.centrocongressosalgarve.com\/de\/\" webkitallowfullscreen mozallowfullscreen allowfullscreen> <\/iframe><\/noscript><\/div><\/div>\n<\/div><\/figure>\n\n\n\n<div style=\"height:30px\" aria-hidden=\"true\" class=\"wp-block-spacer\"><\/div>\n\n\n\n<div class=\"wp-block-buttons is-layout-flex wp-block-buttons-is-layout-flex\">\n<div class=\"wp-block-button is-style-outline is-style-outline--1\"><a class=\"wp-block-button__link has-dark-blue-color has-text-color wp-element-button\" href=\"https:\/\/centrocongressosalgarve.com\/de\/o-centro\/\">DAS KONGRESSZENTRUM KENNENLERNEN<\/a><\/div>\n<\/div>\n","protected":false},"excerpt":{"rendered":"<p>Kongresszentrum in der Algarve Die modernen R\u00e4umlichkeiten mit anpassbaren Konfigurationen und modernster Technologie erm\u00f6glichen es, Gruppen unterschiedlicher Dimensionen zu empfangen und von den erg\u00e4nzenden Dienstleistungen zu profitieren, die von Tivoli Marina Vilamoura angeboten werden, wie beispielsweise Restaurants, Schwimmb\u00e4der, Spa, Fitnessraum, konzessionierter Strand in Vilamoura, Purobeach Vilamoura, usw. Aufgrund der privilegierten Bedingungen f\u00fcr Konferenzen, Meetings und [&hellip;]<\/p>\n","protected":false},"author":2,"featured_media":0,"parent":0,"menu_order":0,"comment_status":"closed","ping_status":"closed","template":"templates\/homepage.php","meta":{"_acf_changed":false,"om_disable_all_campaigns":false,"inline_featured_image":false,"footnotes":""},"class_list":["post-2168","page","type-page","status-publish","hentry","page-entry"],"acf":[],"aioseo_notices":[],"_links":{"self":[{"href":"https:\/\/www.centrocongressosalgarve.com\/de\/wp-json\/wp\/v2\/pages\/2168","targetHints":{"allow":["GET"]}}],"collection":[{"href":"https:\/\/www.centrocongressosalgarve.com\/de\/wp-json\/wp\/v2\/pages"}],"about":[{"href":"https:\/\/www.centrocongressosalgarve.com\/de\/wp-json\/wp\/v2\/types\/page"}],"author":[{"embeddable":true,"href":"https:\/\/www.centrocongressosalgarve.com\/de\/wp-json\/wp\/v2\/users\/2"}],"replies":[{"embeddable":true,"href":"https:\/\/www.centrocongressosalgarve.com\/de\/wp-json\/wp\/v2\/comments?post=2168"}],"version-history":[{"count":5,"href":"https:\/\/www.centrocongressosalgarve.com\/de\/wp-json\/wp\/v2\/pages\/2168\/revisions"}],"predecessor-version":[{"id":4582,"href":"https:\/\/www.centrocongressosalgarve.com\/de\/wp-json\/wp\/v2\/pages\/2168\/revisions\/4582"}],"wp:attachment":[{"href":"https:\/\/www.centrocongressosalgarve.com\/de\/wp-json\/wp\/v2\/media?parent=2168"}],"curies":[{"name":"wp","href":"https:\/\/api.w.org\/{rel}","templated":true}]}}