{"id":2159,"date":"2018-10-15T20:23:11","date_gmt":"2018-10-15T20:23:11","guid":{"rendered":"https:\/\/www.centrocongressosalgarve.com\/enviar-pedido\/"},"modified":"2022-11-25T16:38:38","modified_gmt":"2022-11-25T16:38:38","slug":"enviar-pedido","status":"publish","type":"page","link":"https:\/\/www.centrocongressosalgarve.com\/es\/enviar-pedido\/","title":{"rendered":"Enviar Pedido"},"content":{"rendered":"\n<p>D\u00e9jenos sugerirle las mejores opciones para un evento de \u00e9xito a medida de sus objetivos.<\/p>\n\n\n\n<p>Complete el formulario con todos los datos de que dispone y nuestro equipo le enviar\u00e1 una propuesta personalizada.<\/p>\n\n\n\n<div class=\"wp-block-contact-form-7-contact-form-selector\">\n<div class=\"wpcf7 no-js\" id=\"wpcf7-f2466-o1\" lang=\"en-US\" dir=\"ltr\" data-wpcf7-id=\"2466\">\n<div class=\"screen-reader-response\"><p role=\"status\" aria-live=\"polite\" aria-atomic=\"true\"><\/p> <ul><\/ul><\/div>\n<form action=\"\/es\/wp-json\/wp\/v2\/pages\/2159#wpcf7-f2466-o1\" method=\"post\" class=\"wpcf7-form init wpcf7-acceptance-as-validation\" aria-label=\"Contact form\" novalidate=\"novalidate\" data-status=\"init\">\n<fieldset class=\"hidden-fields-container\"><input type=\"hidden\" name=\"_wpcf7\" value=\"2466\" \/><input type=\"hidden\" name=\"_wpcf7_version\" value=\"6.1.5\" \/><input type=\"hidden\" name=\"_wpcf7_locale\" value=\"en_US\" \/><input type=\"hidden\" name=\"_wpcf7_unit_tag\" value=\"wpcf7-f2466-o1\" \/><input type=\"hidden\" name=\"_wpcf7_container_post\" value=\"0\" \/><input type=\"hidden\" name=\"_wpcf7_posted_data_hash\" value=\"\" \/><input type=\"hidden\" name=\"_wpcf7cf_hidden_group_fields\" value=\"[]\" \/><input type=\"hidden\" name=\"_wpcf7cf_hidden_groups\" value=\"[]\" \/><input type=\"hidden\" name=\"_wpcf7cf_visible_groups\" value=\"[]\" \/><input type=\"hidden\" name=\"_wpcf7cf_repeaters\" value=\"[]\" \/><input type=\"hidden\" name=\"_wpcf7cf_steps\" value=\"{}\" \/><input type=\"hidden\" name=\"_wpcf7cf_options\" value=\"{&quot;form_id&quot;:2466,&quot;conditions&quot;:[{&quot;then_field&quot;:&quot;accommodation-group&quot;,&quot;and_rules&quot;:[{&quot;if_field&quot;:&quot;accommodation&quot;,&quot;operator&quot;:&quot;equals&quot;,&quot;if_value&quot;:&quot;Si&quot;}]}],&quot;settings&quot;:{&quot;animation&quot;:&quot;yes&quot;,&quot;animation_intime&quot;:200,&quot;animation_outtime&quot;:200,&quot;conditions_ui&quot;:&quot;normal&quot;,&quot;notice_dismissed&quot;:false,&quot;notice_dismissed_rollback-cf7-5.8.7&quot;:true}}\" \/><input type=\"hidden\" name=\"_wpcf7_recaptcha_response\" value=\"\" \/>\n<\/fieldset>\n<h3 class=\"mt60\">Organizador\n<\/h3>\n<div class=\"row\">\n\t<div class=\"col50\">\n\t\t<div class=\"input-group\">\n\t\t\t<p><label for=\"organizer-name\">Nombre*<\/label><span class=\"wpcf7-form-control-wrap\" data-name=\"organizer-name\"><input size=\"40\" maxlength=\"400\" class=\"wpcf7-form-control wpcf7-text wpcf7-validates-as-required\" id=\"organizer-name\" aria-required=\"true\" aria-invalid=\"false\" placeholder=\"Nombre*\" value=\"\" type=\"text\" name=\"organizer-name\" \/><\/span>\n\t\t\t<\/p>\n\t\t<\/div>\n\t\t<div class=\"input-group\">\n\t\t\t<p><label for=\"organizer-email\">Correo Electr\u00f3nico*<\/label><span class=\"wpcf7-form-control-wrap\" data-name=\"organizer-email\"><input size=\"40\" maxlength=\"400\" class=\"wpcf7-form-control wpcf7-email wpcf7-validates-as-required wpcf7-text wpcf7-validates-as-email\" id=\"organizer-email\" aria-required=\"true\" aria-invalid=\"false\" placeholder=\"Correo Electr\u00f3nico*\" value=\"\" type=\"email\" name=\"organizer-email\" \/><\/span>\n\t\t\t<\/p>\n\t\t<\/div>\n\t<\/div>\n\t<div class=\"col50\">\n\t\t<div class=\"input-group\">\n\t\t\t<p><label for=\"organizer-phone\">Tel\u00e9fono*<\/label><span class=\"wpcf7-form-control-wrap\" data-name=\"organizer-phone\"><input size=\"40\" maxlength=\"400\" class=\"wpcf7-form-control wpcf7-text wpcf7-validates-as-required\" id=\"organizer-phone\" aria-required=\"true\" aria-invalid=\"false\" placeholder=\"Tel\u00e9fono*\" value=\"\" type=\"text\" name=\"organizer-phone\" \/><\/span>\n\t\t\t<\/p>\n\t\t<\/div>\n\t\t<div class=\"input-group\">\n\t\t\t<p><label for=\"agency\">Agencia\/Empresa*<\/label><span class=\"wpcf7-form-control-wrap\" data-name=\"agency\"><input size=\"40\" maxlength=\"400\" class=\"wpcf7-form-control wpcf7-text wpcf7-validates-as-required\" id=\"agency\" aria-required=\"true\" aria-invalid=\"false\" placeholder=\"Agencia\/Empresa*\" value=\"\" type=\"text\" name=\"agency\" \/><\/span>\n\t\t\t<\/p>\n\t\t<\/div>\n\t<\/div>\n<\/div>\n<h3 class=\"mt40\">Su Evento\n<\/h3>\n<div class=\"row\">\n\t<div class=\"col50\">\n\t\t<div class=\"input-group\">\n\t\t\t<p><label for=\"number-guests\">N\u00famero de invitados*<\/label><span class=\"wpcf7-form-control-wrap\" data-name=\"number-guests\"><input class=\"wpcf7-form-control wpcf7-number wpcf7-validates-as-required wpcf7-validates-as-number\" id=\"number-guests\" min=\"0\" aria-required=\"true\" aria-invalid=\"false\" placeholder=\"N\u00famero de invitados*\" value=\"\" type=\"number\" name=\"number-guests\" \/><\/span>\n\t\t\t<\/p>\n\t\t<\/div>\n\t\t<div class=\"input-group\">\n\t\t\t<p><label for=\"number-meeting-rooms\">N\u00famero de salas<\/label><span class=\"wpcf7-form-control-wrap\" data-name=\"number-meeting-rooms\"><input class=\"wpcf7-form-control wpcf7-number wpcf7-validates-as-number\" id=\"number-meeting-rooms\" min=\"0\" aria-invalid=\"false\" placeholder=\"N\u00famero de salas\" value=\"\" type=\"number\" name=\"number-meeting-rooms\" \/><\/span>\n\t\t\t<\/p>\n\t\t<\/div>\n\t\t<div class=\"row row-date\">\n\t\t\t<div class=\"col50\">\n\t\t\t\t<div class=\"input-group date\">\n\t\t\t\t\t<p><label>De<\/label>\n\t\t\t\t\t<\/p>\n\t\t\t\t\t<div class=\"date-group\">\n\t\t\t\t\t\t<p><span class=\"wpcf7-form-control-wrap\" data-name=\"from-day\"><input size=\"40\" maxlength=\"2\" class=\"wpcf7-form-control wpcf7-text date-day\" id=\"from-day\" aria-invalid=\"false\" placeholder=\"DD\" value=\"\" type=\"text\" name=\"from-day\" \/><\/span><span class=\"wpcf7-form-control-wrap\" data-name=\"from-month\"><input size=\"40\" maxlength=\"2\" class=\"wpcf7-form-control wpcf7-text date-month\" id=\"from-month\" aria-invalid=\"false\" placeholder=\"MM\" value=\"\" type=\"text\" name=\"from-month\" \/><\/span><span class=\"wpcf7-form-control-wrap\" data-name=\"from-year\"><input size=\"40\" maxlength=\"4\" class=\"wpcf7-form-control wpcf7-text date-year\" id=\"from-year\" aria-invalid=\"false\" placeholder=\"AAAA\" value=\"\" type=\"text\" name=\"from-year\" \/><\/span>\n\t\t\t\t\t\t<\/p>\n\t\t\t\t\t<\/div>\n\t\t\t\t<\/div>\n\t\t\t<\/div>\n\t\t\t<div class=\"col50\">\n\t\t\t\t<div class=\"input-group date\">\n\t\t\t\t\t<p><label>A<\/label>\n\t\t\t\t\t<\/p>\n\t\t\t\t\t<div class=\"date-group\">\n\t\t\t\t\t\t<p><span class=\"wpcf7-form-control-wrap\" data-name=\"to-day\"><input size=\"40\" maxlength=\"2\" class=\"wpcf7-form-control wpcf7-text date-day\" id=\"to-day\" aria-invalid=\"false\" placeholder=\"DD\" value=\"\" type=\"text\" name=\"to-day\" \/><\/span><span class=\"wpcf7-form-control-wrap\" data-name=\"to-month\"><input size=\"40\" maxlength=\"2\" class=\"wpcf7-form-control wpcf7-text date-month\" id=\"to-month\" aria-invalid=\"false\" placeholder=\"MM\" value=\"\" type=\"text\" name=\"to-month\" \/><\/span><span class=\"wpcf7-form-control-wrap\" data-name=\"to-year\"><input size=\"40\" maxlength=\"4\" class=\"wpcf7-form-control wpcf7-text date-year\" id=\"to-year\" aria-invalid=\"false\" placeholder=\"AAAA\" value=\"\" type=\"text\" name=\"to-year\" \/><\/span>\n\t\t\t\t\t\t<\/p>\n\t\t\t\t\t<\/div>\n\t\t\t\t<\/div>\n\t\t\t<\/div>\n\t\t<\/div>\n\t\t<div class=\"input-group\">\n\t\t\t<p><label for=\"type-event\" class=\"sr-only\">Tipo de Evento*<\/label>\n\t\t\t<\/p>\n\t\t\t<div class=\"input-select\">\n\t\t\t\t<p><span class=\"wpcf7-form-control-wrap\" data-name=\"type_event\"><select class=\"wpcf7-form-control wpcf7-select wpcf7-validates-as-required\" id=\"type-event\" aria-required=\"true\" aria-invalid=\"false\" name=\"type_event\"><option value=\"\">Tipo de Evento*<\/option><option value=\"Reuni\u00f3n de negocios\">Reuni\u00f3n de negocios<\/option><option value=\"Conferencia o convenci\u00f3n\">Conferencia o convenci\u00f3n<\/option><option value=\"Evento Corporativo\">Evento Corporativo<\/option><option value=\"Viaje de Incentivos\">Viaje de Incentivos<\/option><option value=\"Evento Cultural\">Evento Cultural<\/option><option value=\"Evento Social\">Evento Social<\/option><\/select><\/span>\n\t\t\t\t<\/p>\n\t\t\t<\/div>\n\t\t<\/div>\n\t\t<div class=\"input-group\">\n\t\t\t<p><label for=\"open-public\" class=\"sr-only\">\u00bfSu evento est\u00e1 abierto al p\u00fablico?*<\/label>\n\t\t\t<\/p>\n\t\t\t<div class=\"input-select\">\n\t\t\t\t<p><span class=\"wpcf7-form-control-wrap\" data-name=\"open_public\"><select class=\"wpcf7-form-control wpcf7-select wpcf7-validates-as-required\" id=\"open-public\" aria-required=\"true\" aria-invalid=\"false\" name=\"open_public\"><option value=\"\">\u00bfSu evento est\u00e1 abierto al p\u00fablico?*<\/option><option value=\"Si\">Si<\/option><option value=\"No\">No<\/option><\/select><\/span>\n\t\t\t\t<\/p>\n\t\t\t<\/div>\n\t\t<\/div>\n\t<\/div>\n\t<div class=\"col50\">\n\t\t<div class=\"accommodation-group\">\n\t\t\t<div class=\"input-group inline-options\">\n\t\t\t\t<p><label>Necessita alojamiento?*<\/label><span class=\"wpcf7-form-control-wrap\" data-name=\"accommodation\"><span class=\"wpcf7-form-control wpcf7-radio\"><span class=\"wpcf7-list-item first\"><label><input type=\"radio\" name=\"accommodation\" value=\"Si\" \/><span class=\"wpcf7-list-item-label\">Si<\/span><\/label><\/span><span class=\"wpcf7-list-item last\"><label><input type=\"radio\" name=\"accommodation\" value=\"No\" checked=\"checked\" \/><span class=\"wpcf7-list-item-label\">No<\/span><\/label><\/span><\/span><\/span>\n\t\t\t\t<\/p>\n\t\t\t<\/div>\n\t\t\t<div data-id=\"accommodation-group\" data-orig_data_id=\"accommodation-group\"  class=\"\" data-class=\"wpcf7cf_group\">\n\t\t\t\t<div class=\"input-group\">\n\t\t\t\t\t<p><label for=\"number-rooms\">N\u00famero de habitaciones<\/label><span class=\"wpcf7-form-control-wrap\" data-name=\"number-rooms\"><input class=\"wpcf7-form-control wpcf7-number wpcf7-validates-as-number\" id=\"number-rooms\" aria-invalid=\"false\" placeholder=\"N\u00famero de habitaciones\" value=\"\" type=\"number\" name=\"number-rooms\" \/><\/span>\n\t\t\t\t\t<\/p>\n\t\t\t\t<\/div>\n\t\t\t<\/div>\n\t\t<\/div>\n\t\t<div class=\"input-group\">\n\t\t\t<p><label for=\"details\">Indique los detalles de su evento aqu\u00ed<\/label><span class=\"wpcf7-form-control-wrap\" data-name=\"details\"><textarea cols=\"40\" rows=\"10\" maxlength=\"2000\" class=\"wpcf7-form-control wpcf7-textarea\" id=\"details\" aria-invalid=\"false\" placeholder=\"Indique los detalles de su evento aqu\u00ed\" name=\"details\"><\/textarea><\/span>\n\t\t\t<\/p>\n\t\t<\/div>\n\t<\/div>\n\t<div class=\"col50 mt40\">\n\t\t<div class=\"input-group acceptance\">\n\t\t\t<p><span class=\"wpcf7-form-control-wrap\" data-name=\"privacy_policy\"><span class=\"wpcf7-form-control wpcf7-acceptance\"><span class=\"wpcf7-list-item\"><label><input type=\"checkbox\" name=\"privacy_policy\" value=\"1\" aria-invalid=\"false\" \/><span class=\"wpcf7-list-item-label\">Acepto la <a href=\"https:\/\/www.centrocongressosalgarve.com\/pt-pt\/politica-de-privacidade\/\" target=\"_blank\">Pol\u00edtica de Privacidad<\/a><\/span><\/label><\/span><\/span><\/span>\n\t\t\t<\/p>\n\t\t<\/div>\n\t\t<div class=\"input-group acceptance\">\n\t\t\t<p><span class=\"wpcf7-form-control-wrap\" data-name=\"marketing_communications\"><span class=\"wpcf7-form-control wpcf7-checkbox marketing_communications\"><span class=\"wpcf7-list-item first last\"><input type=\"checkbox\" name=\"marketing_communications[]\" value=\"Autorizo al Centro de Congresos del Algarve a usar mis datos personales recogidos durante este proceso de contacto, para ser contactado a efectos de comunicaci\u00f3n de Marketing del Centro de Congresos del Algarve, a trav\u00e9s del e-mail arriba indicado\" \/><span class=\"wpcf7-list-item-label\">Autorizo al Centro de Congresos del Algarve a usar mis datos personales recogidos durante este proceso de contacto, para ser contactado a efectos de comunicaci\u00f3n de Marketing del Centro de Congresos del Algarve, a trav\u00e9s del e-mail arriba indicado<\/span><\/span><\/span><\/span>\n\t\t\t<\/p>\n\t\t<\/div>\n\t<\/div>\n\t<div class=\"col50 mt40\">\n\t<input class=\"wpcf7-form-control wpcf7-hidden eventCategory\" value=\"Leads\" type=\"hidden\" name=\"eventCategory\" \/>\n\t<input class=\"wpcf7-form-control wpcf7-hidden eventAction\" value=\"Request Quote\" type=\"hidden\" name=\"eventAction\" \/>\n\t<input class=\"wpcf7-form-control wpcf7-hidden eventLabel\" value=\"Submit ES\" type=\"hidden\" name=\"eventLabel\" \/>\n\t\t<p><input class=\"wpcf7-form-control wpcf7-submit has-spinner\" type=\"submit\" value=\"Submeter Pedido\" \/>\n\t\t<\/p>\n\t<\/div>\n<\/div><div class=\"wpcf7-response-output\" aria-hidden=\"true\"><\/div>\n<\/form>\n<\/div>\n<\/div>\n","protected":false},"excerpt":{"rendered":"<p>D\u00e9jenos sugerirle las mejores opciones para un evento de \u00e9xito a medida de sus objetivos. Complete el formulario con todos los datos de que dispone y nuestro equipo le enviar\u00e1 una propuesta personalizada.<\/p>\n","protected":false},"author":1,"featured_media":552,"parent":0,"menu_order":0,"comment_status":"closed","ping_status":"closed","template":"","meta":{"_acf_changed":false,"om_disable_all_campaigns":false,"inline_featured_image":false,"footnotes":""},"class_list":["post-2159","page","type-page","status-publish","has-post-thumbnail","hentry","page-entry"],"acf":[],"aioseo_notices":[],"_links":{"self":[{"href":"https:\/\/www.centrocongressosalgarve.com\/es\/wp-json\/wp\/v2\/pages\/2159","targetHints":{"allow":["GET"]}}],"collection":[{"href":"https:\/\/www.centrocongressosalgarve.com\/es\/wp-json\/wp\/v2\/pages"}],"about":[{"href":"https:\/\/www.centrocongressosalgarve.com\/es\/wp-json\/wp\/v2\/types\/page"}],"author":[{"embeddable":true,"href":"https:\/\/www.centrocongressosalgarve.com\/es\/wp-json\/wp\/v2\/users\/1"}],"replies":[{"embeddable":true,"href":"https:\/\/www.centrocongressosalgarve.com\/es\/wp-json\/wp\/v2\/comments?post=2159"}],"version-history":[{"count":4,"href":"https:\/\/www.centrocongressosalgarve.com\/es\/wp-json\/wp\/v2\/pages\/2159\/revisions"}],"predecessor-version":[{"id":3422,"href":"https:\/\/www.centrocongressosalgarve.com\/es\/wp-json\/wp\/v2\/pages\/2159\/revisions\/3422"}],"wp:featuredmedia":[{"embeddable":true,"href":"https:\/\/www.centrocongressosalgarve.com\/es\/wp-json\/wp\/v2\/media\/552"}],"wp:attachment":[{"href":"https:\/\/www.centrocongressosalgarve.com\/es\/wp-json\/wp\/v2\/media?parent=2159"}],"curies":[{"name":"wp","href":"https:\/\/api.w.org\/{rel}","templated":true}]}}