{"id":2169,"date":"2018-12-10T12:39:54","date_gmt":"2018-12-10T12:39:54","guid":{"rendered":"https:\/\/www.centrocongressosalgarve.com\/homepage\/"},"modified":"2025-04-08T17:04:49","modified_gmt":"2025-04-08T17:04:49","slug":"homepage","status":"publish","type":"page","link":"https:\/\/www.centrocongressosalgarve.com\/es\/","title":{"rendered":"Homepage"},"content":{"rendered":"\n<h2 class=\"wp-block-heading\">CENTRO DE CONGRESOS DEL ALGARVE<\/h2>\n\n\n\n<p>Las modernas instalaciones, con disposici\u00f3n adaptable y tecnolog\u00eda puntera, permiten recibir grupos de distintas dimensiones y beneficiarse gratuitamente de algunos de los servicios ofrecidos por el Tivoli Marina Vilamoura, como restaurantes, piscinas, spa, gimnasio, playa privada en Vilamoura y Purobeach Vilamoura, entre otros.<\/p>\n\n\n\n<p>Adem\u00e1s de condiciones privilegiadas para conferencias, reuniones y eventos, se puede disfrutar de aventura y relajaci\u00f3n en peque\u00f1as dosis gracias a las diversas soluciones y oportunidades que la regi\u00f3n ofrece.<\/p>\n\n\n\n<div style=\"height:40px\" aria-hidden=\"true\" class=\"wp-block-spacer\"><\/div>\n\n\n\n<figure class=\"wp-block-embed is-type-video is-provider-youtube wp-block-embed-youtube wp-embed-aspect-16-9 wp-has-aspect-ratio\"><div class=\"wp-block-embed__wrapper\">\n<div class=\"youtube embed-container not-loaded is-type-video youtube\"><div class=\"video-placeholder\" style=\"background-image: url(https:\/\/img.youtube.com\/vi\/lpb1451sBIU\/maxresdefault.jpg);\"><\/div><div class=\"iframe youtube-video\" title=\"Centro de Congressos do Algarve | Video Oficial | Legendado em EN\" data-iframe-src=\"lpb1451sBIU\" data-iframe-origin=\"https:\/\/www.centrocongressosalgarve.com\/es\/\" data-iframe-start=\"0\"><noscript><iframe loading=\"lazy\" class=\"youtube-video\" title=\"Youtube video\" width=\"640\" height=\"360\" src=\"https:\/\/www.youtube.com\/embed\/lpb1451sBIU?modestbranding=1&#038;showinfo=0&#038;rel=0&#038;enablejsapi=1&#038;origin=https:\/\/www.centrocongressosalgarve.com\/es\/\" webkitallowfullscreen mozallowfullscreen allowfullscreen> <\/iframe><\/noscript><\/div><\/div>\n<\/div><\/figure>\n\n\n\n<div style=\"height:30px\" aria-hidden=\"true\" class=\"wp-block-spacer\"><\/div>\n\n\n\n<div class=\"wp-block-buttons is-layout-flex wp-block-buttons-is-layout-flex\">\n<div class=\"wp-block-button is-style-outline is-style-outline--1\"><a class=\"wp-block-button__link has-dark-blue-color has-text-color wp-element-button\" href=\"https:\/\/centrocongressosalgarve.com\/es\/o-centro\/\">Conociendo el Centro de Congresos<\/a><\/div>\n<\/div>\n","protected":false},"excerpt":{"rendered":"<p>CENTRO DE CONGRESOS DEL ALGARVE Las modernas instalaciones, con disposici\u00f3n adaptable y tecnolog\u00eda puntera, permiten recibir grupos de distintas dimensiones y beneficiarse gratuitamente de algunos de los servicios ofrecidos por el Tivoli Marina Vilamoura, como restaurantes, piscinas, spa, gimnasio, playa privada en Vilamoura y Purobeach Vilamoura, entre otros. Adem\u00e1s de condiciones privilegiadas para conferencias, reuniones [&hellip;]<\/p>\n","protected":false},"author":2,"featured_media":0,"parent":0,"menu_order":0,"comment_status":"closed","ping_status":"closed","template":"templates\/homepage.php","meta":{"_acf_changed":false,"om_disable_all_campaigns":false,"inline_featured_image":false,"footnotes":""},"class_list":["post-2169","page","type-page","status-publish","hentry","page-entry"],"acf":[],"aioseo_notices":[],"_links":{"self":[{"href":"https:\/\/www.centrocongressosalgarve.com\/es\/wp-json\/wp\/v2\/pages\/2169","targetHints":{"allow":["GET"]}}],"collection":[{"href":"https:\/\/www.centrocongressosalgarve.com\/es\/wp-json\/wp\/v2\/pages"}],"about":[{"href":"https:\/\/www.centrocongressosalgarve.com\/es\/wp-json\/wp\/v2\/types\/page"}],"author":[{"embeddable":true,"href":"https:\/\/www.centrocongressosalgarve.com\/es\/wp-json\/wp\/v2\/users\/2"}],"replies":[{"embeddable":true,"href":"https:\/\/www.centrocongressosalgarve.com\/es\/wp-json\/wp\/v2\/comments?post=2169"}],"version-history":[{"count":5,"href":"https:\/\/www.centrocongressosalgarve.com\/es\/wp-json\/wp\/v2\/pages\/2169\/revisions"}],"predecessor-version":[{"id":4583,"href":"https:\/\/www.centrocongressosalgarve.com\/es\/wp-json\/wp\/v2\/pages\/2169\/revisions\/4583"}],"wp:attachment":[{"href":"https:\/\/www.centrocongressosalgarve.com\/es\/wp-json\/wp\/v2\/media?parent=2169"}],"curies":[{"name":"wp","href":"https:\/\/api.w.org\/{rel}","templated":true}]}}