{"id":3483,"date":"2022-12-15T14:52:35","date_gmt":"2022-12-15T14:52:35","guid":{"rendered":"https:\/\/www.centrocongressosalgarve.com\/?page_id=3483"},"modified":"2022-12-19T16:34:44","modified_gmt":"2022-12-19T16:34:44","slug":"eventos-pasados","status":"publish","type":"page","link":"https:\/\/www.centrocongressosalgarve.com\/es\/eventos-sociais\/eventos-pasados\/","title":{"rendered":"Eventos Pasados"},"content":{"rendered":"\n<h2 class=\"wp-block-heading\">Timelapse de Nuestros Eventos Anteriores<\/h2>\n\n\n\n<h3 class=\"wp-block-heading\">Gala de Nochevieja 2022 Tivoli Marina Vilamoura En El Centro de Congresos Del Algarve<\/h3>\n\n\n\n<p>Estos son los mejores momentos de nuestra Nochevieja junto al mar, que se celebr\u00f3 en la amplia e inigualable sala F\u00e9nix del Centro de Congresos del Algarve, que alberg\u00f3 un mercado gastron\u00f3mico, m\u00fasica en directo y fuegos artificiales desde la terraza con vistas al mar.<\/p>\n\n\n\n<figure class=\"wp-block-embed is-type-video is-provider-youtube wp-block-embed-youtube wp-embed-aspect-16-9 wp-has-aspect-ratio\"><div class=\"wp-block-embed__wrapper\">\n<div class=\"youtube embed-container not-loaded is-type-video youtube\"><div class=\"video-placeholder\" style=\"background-image: url(https:\/\/img.youtube.com\/vi\/RRMhe6ZzIYg\/maxresdefault.jpg);\"><\/div><div class=\"iframe youtube-video\" title=\"2022 New Year\u2019s Eve at Tivoli Marina Vilamoura | Tivoli Hotels &amp; Resorts\" data-iframe-src=\"RRMhe6ZzIYg\" data-iframe-origin=\"https:\/\/www.centrocongressosalgarve.com\/es\/\" data-iframe-start=\"0\"><noscript><iframe loading=\"lazy\" class=\"youtube-video\" title=\"Youtube video\" width=\"640\" height=\"360\" src=\"https:\/\/www.youtube.com\/embed\/RRMhe6ZzIYg?modestbranding=1&#038;showinfo=0&#038;rel=0&#038;enablejsapi=1&#038;origin=https:\/\/www.centrocongressosalgarve.com\/es\/\" webkitallowfullscreen mozallowfullscreen allowfullscreen> <\/iframe><\/noscript><\/div><\/div>\n<\/div><\/figure>\n\n\n\n<div style=\"height:50px\" aria-hidden=\"true\" class=\"wp-block-spacer\"><\/div>\n\n\n\n<h3 class=\"wp-block-heading\">Resort &amp; Residential Hospitality Forum 2022<\/h3>\n\n\n\n<p>En la vanguardia de las inversiones en complejos tur\u00edsticos, ocio y propiedades inmobiliarias. Le presentamos un resumen de las jornadas Resort &amp; Residential Hospitality Forum (R&amp;R), que se celebraron en el Centro de Congresos del Algarve entre el 17 y el 19 de octubre.<\/p>\n\n\n\n<figure class=\"wp-block-embed is-type-video is-provider-youtube wp-block-embed-youtube wp-embed-aspect-16-9 wp-has-aspect-ratio\"><div class=\"wp-block-embed__wrapper\">\n<div class=\"youtube embed-container not-loaded is-type-video youtube\"><div class=\"video-placeholder\" style=\"background-image: url(https:\/\/img.youtube.com\/vi\/5VO_bjrBPx8\/maxresdefault.jpg);\"><\/div><div class=\"iframe youtube-video\" title=\"R&amp;R Event Promo for 2022\" data-iframe-src=\"5VO_bjrBPx8\" data-iframe-origin=\"https:\/\/www.centrocongressosalgarve.com\/es\/\" data-iframe-start=\"0\"><noscript><iframe loading=\"lazy\" class=\"youtube-video\" title=\"Youtube video\" width=\"640\" height=\"360\" src=\"https:\/\/www.youtube.com\/embed\/5VO_bjrBPx8?modestbranding=1&#038;showinfo=0&#038;rel=0&#038;enablejsapi=1&#038;origin=https:\/\/www.centrocongressosalgarve.com\/es\/\" webkitallowfullscreen mozallowfullscreen allowfullscreen> <\/iframe><\/noscript><\/div><\/div>\n<\/div><\/figure>\n\n\n\n<div style=\"height:50px\" aria-hidden=\"true\" class=\"wp-block-spacer\"><\/div>\n\n\n\n<h3 class=\"wp-block-heading\">El Montaje de La Sala F\u00e9nix | Timelapse<\/h3>\n\n\n\n<p>Le mostramos, paso a paso, c\u00f3mo preparamos nuestra sala F\u00e9nix para albergar otro evento inolvidable.<\/p>\n\n\n\n<figure class=\"wp-block-embed is-type-video is-provider-youtube wp-block-embed-youtube wp-embed-aspect-16-9 wp-has-aspect-ratio\"><div class=\"wp-block-embed__wrapper\">\n<div class=\"youtube embed-container not-loaded is-type-video youtube\"><div class=\"video-placeholder\" style=\"background-image: url(https:\/\/img.youtube.com\/vi\/egVVoeL4OU0\/maxresdefault.jpg);\"><\/div><div class=\"iframe youtube-video\" title=\"F\u00c9NIX ROOM SET UP | Algarve Congress Centre\" data-iframe-src=\"egVVoeL4OU0\" data-iframe-origin=\"https:\/\/www.centrocongressosalgarve.com\/es\/\" data-iframe-start=\"0\"><noscript><iframe loading=\"lazy\" class=\"youtube-video\" title=\"Youtube video\" width=\"640\" height=\"360\" src=\"https:\/\/www.youtube.com\/embed\/egVVoeL4OU0?modestbranding=1&#038;showinfo=0&#038;rel=0&#038;enablejsapi=1&#038;origin=https:\/\/www.centrocongressosalgarve.com\/es\/\" webkitallowfullscreen mozallowfullscreen allowfullscreen> <\/iframe><\/noscript><\/div><\/div>\n<\/div><\/figure>\n\n\n\n<div style=\"height:50px\" aria-hidden=\"true\" class=\"wp-block-spacer\"><\/div>\n\n\n\n<h3 class=\"wp-block-heading\">Resort &amp; Residential Hospitality Forum 2021&nbsp;<\/h3>\n\n\n\n<p>En octubre de 2021, acogimos la conferencia internacional Resort &amp; Residential Hospitality Forum, que reuni\u00f3 a inversores, oradores influyentes de todos los \u00e1mbitos de las inversiones inmobiliarias, turismo y hoteler\u00eda, que convirtieron esta experiencia \u00fanica, informativa e innovadora en una experiencia formativa para todos los asistentes. Fue una manera excelente de volver a la presencialidad.&nbsp;<\/p>\n\n\n\n<figure class=\"wp-block-embed is-type-video is-provider-vimeo wp-block-embed-vimeo wp-embed-aspect-16-9 wp-has-aspect-ratio\"><div class=\"wp-block-embed__wrapper\">\n<iframe loading=\"lazy\" title=\"R&amp;R 2021\" src=\"https:\/\/player.vimeo.com\/video\/639482791?h=79b713507e&amp;dnt=1&amp;app_id=122963\" width=\"640\" height=\"360\" frameborder=\"0\" allow=\"autoplay; fullscreen; picture-in-picture; clipboard-write\"><\/iframe>\n<\/div><\/figure>\n\n\n\n<div style=\"height:50px\" aria-hidden=\"true\" class=\"wp-block-spacer\"><\/div>\n\n\n\n<h3 class=\"wp-block-heading\">Azotea Del Centro de Congresos Del Algarve &#8211; Live On The Bright Side&nbsp;<\/h3>\n\n\n\n<p>Durante la pandemia, los hoteles y complejos tur\u00edsticos Tivoli crearon el formato Live On the Bright Side, una fiesta al atardecer retransmitida online para que, desde casa, todo el mundo pudiese disfrutar de la diversi\u00f3n y el aire estival de la m\u00fasica que el dj y la banda tocaban en las azoteas del Tivoli Carvoeiro y del Centro de Congresos del Algarve.&nbsp;<\/p>\n\n\n\n<figure class=\"wp-block-embed is-type-video is-provider-youtube wp-block-embed-youtube wp-embed-aspect-16-9 wp-has-aspect-ratio\"><div class=\"wp-block-embed__wrapper\">\n<div class=\"youtube embed-container not-loaded is-type-video youtube\"><div class=\"video-placeholder\" style=\"background-image: url(https:\/\/img.youtube.com\/vi\/NeBx1_dZgGc\/maxresdefault.jpg);\"><\/div><div class=\"iframe youtube-video\" title=\"Live on the Bright Side | Tivoli Carvoeiro and Algarve Congress Centre Rooftops\" data-iframe-src=\"NeBx1_dZgGc\" data-iframe-origin=\"https:\/\/www.centrocongressosalgarve.com\/es\/\" data-iframe-start=\"19\"><noscript><iframe loading=\"lazy\" class=\"youtube-video\" title=\"Youtube video\" width=\"640\" height=\"360\" src=\"https:\/\/www.youtube.com\/embed\/NeBx1_dZgGc?start=19&#038;modestbranding=1&#038;showinfo=0&#038;rel=0&#038;enablejsapi=1&#038;origin=https:\/\/www.centrocongressosalgarve.com\/es\/\" webkitallowfullscreen mozallowfullscreen allowfullscreen> <\/iframe><\/noscript><\/div><\/div>\n<\/div><\/figure>\n\n\n\n<div style=\"height:50px\" aria-hidden=\"true\" class=\"wp-block-spacer\"><\/div>\n\n\n\n<h3 class=\"wp-block-heading\">Gala de Nochevieja 2019 Tivoli Marina Vilamoura En El Centro de Congresos Del Algarve<\/h3>\n\n\n\n<p>Las luces del puerto deportivo y la brisa marina son dos elementos b\u00e1sicos para disfrutar de una noche inolvidable en el Tivoli Marina Vilamoura. La gala de Nochevieja de 2019 fue un evento impresionante celebrado en el incre\u00edble Centro de Congresos del Algarve, que acogi\u00f3 un fant\u00e1stico concierto de Jos\u00e9 Cid, deliciosos sabores y unas vistas \u00fanicas al Atl\u00e1ntico y al puerto deportivo de Vilamoura.&nbsp;<\/p>\n\n\n\n<figure class=\"wp-block-embed is-type-video is-provider-youtube wp-block-embed-youtube wp-embed-aspect-16-9 wp-has-aspect-ratio\"><div class=\"wp-block-embed__wrapper\">\n<div class=\"youtube embed-container not-loaded is-type-video youtube\"><div class=\"video-placeholder\" style=\"background-image: url(https:\/\/img.youtube.com\/vi\/RwdxNZhrls4\/maxresdefault.jpg);\"><\/div><div class=\"iframe youtube-video\" title=\"2019 New Year\u2019s Eve Gala at Algarve Congress Centre\" data-iframe-src=\"RwdxNZhrls4\" data-iframe-origin=\"https:\/\/www.centrocongressosalgarve.com\/es\/\" data-iframe-start=\"0\"><noscript><iframe loading=\"lazy\" class=\"youtube-video\" title=\"Youtube video\" width=\"640\" height=\"360\" src=\"https:\/\/www.youtube.com\/embed\/RwdxNZhrls4?modestbranding=1&#038;showinfo=0&#038;rel=0&#038;enablejsapi=1&#038;origin=https:\/\/www.centrocongressosalgarve.com\/es\/\" webkitallowfullscreen mozallowfullscreen allowfullscreen> <\/iframe><\/noscript><\/div><\/div>\n<\/div><\/figure>\n\n\n\n<div style=\"height:50px\" aria-hidden=\"true\" class=\"wp-block-spacer\"><\/div>\n\n\n\n<h3 class=\"wp-block-heading\">Gala de Nochevieja 2018 Tivoli Marina Vilamoura En El Centro de Congresos Del Algarve&nbsp;<\/h3>\n\n\n\n<p>La gala de Nochevieja de 2018 del Tivoli Marina Vilamoura se celebr\u00f3 en el excepcional Centro de Congresos del Algarve. Este fue un evento extraordinario con una cena exquisita, unas imponentes vistas al Atl\u00e1ntico y al puerto deportivo de Vilamoura y un concierto de Rui Veloso, que convirti\u00f3 esta en una velada sofisticada e inolvidable.&nbsp;<\/p>\n\n\n\n<figure class=\"wp-block-embed is-type-video is-provider-youtube wp-block-embed-youtube wp-embed-aspect-16-9 wp-has-aspect-ratio\"><div class=\"wp-block-embed__wrapper\">\n<div class=\"youtube embed-container not-loaded is-type-video youtube\"><div class=\"video-placeholder\" style=\"background-image: url(https:\/\/img.youtube.com\/vi\/4GKPy1b0Ctk\/maxresdefault.jpg);\"><\/div><div class=\"iframe youtube-video\" title=\"2018 New Year&#039;s Eve Gala at Algarve Congress Centre\" data-iframe-src=\"4GKPy1b0Ctk\" data-iframe-origin=\"https:\/\/www.centrocongressosalgarve.com\/es\/\" data-iframe-start=\"0\"><noscript><iframe loading=\"lazy\" class=\"youtube-video\" title=\"Youtube video\" width=\"640\" height=\"360\" src=\"https:\/\/www.youtube.com\/embed\/4GKPy1b0Ctk?modestbranding=1&#038;showinfo=0&#038;rel=0&#038;enablejsapi=1&#038;origin=https:\/\/www.centrocongressosalgarve.com\/es\/\" webkitallowfullscreen mozallowfullscreen allowfullscreen> <\/iframe><\/noscript><\/div><\/div>\n<\/div><\/figure>\n","protected":false},"excerpt":{"rendered":"<p>Timelapse de Nuestros Eventos Anteriores Gala de Nochevieja 2022 Tivoli Marina Vilamoura En El Centro de Congresos Del Algarve Estos son los mejores momentos de nuestra Nochevieja junto al mar, que se celebr\u00f3 en la amplia e inigualable sala F\u00e9nix del Centro de Congresos del Algarve, que alberg\u00f3 un mercado gastron\u00f3mico, m\u00fasica en directo y [&hellip;]<\/p>\n","protected":false},"author":2,"featured_media":3053,"parent":2102,"menu_order":0,"comment_status":"closed","ping_status":"closed","template":"","meta":{"_acf_changed":false,"om_disable_all_campaigns":false,"inline_featured_image":false,"footnotes":""},"class_list":["post-3483","page","type-page","status-publish","has-post-thumbnail","hentry","page-entry"],"acf":[],"aioseo_notices":[],"_links":{"self":[{"href":"https:\/\/www.centrocongressosalgarve.com\/es\/wp-json\/wp\/v2\/pages\/3483","targetHints":{"allow":["GET"]}}],"collection":[{"href":"https:\/\/www.centrocongressosalgarve.com\/es\/wp-json\/wp\/v2\/pages"}],"about":[{"href":"https:\/\/www.centrocongressosalgarve.com\/es\/wp-json\/wp\/v2\/types\/page"}],"author":[{"embeddable":true,"href":"https:\/\/www.centrocongressosalgarve.com\/es\/wp-json\/wp\/v2\/users\/2"}],"replies":[{"embeddable":true,"href":"https:\/\/www.centrocongressosalgarve.com\/es\/wp-json\/wp\/v2\/comments?post=3483"}],"version-history":[{"count":2,"href":"https:\/\/www.centrocongressosalgarve.com\/es\/wp-json\/wp\/v2\/pages\/3483\/revisions"}],"predecessor-version":[{"id":3499,"href":"https:\/\/www.centrocongressosalgarve.com\/es\/wp-json\/wp\/v2\/pages\/3483\/revisions\/3499"}],"up":[{"embeddable":true,"href":"https:\/\/www.centrocongressosalgarve.com\/es\/wp-json\/wp\/v2\/pages\/2102"}],"wp:featuredmedia":[{"embeddable":true,"href":"https:\/\/www.centrocongressosalgarve.com\/es\/wp-json\/wp\/v2\/media\/3053"}],"wp:attachment":[{"href":"https:\/\/www.centrocongressosalgarve.com\/es\/wp-json\/wp\/v2\/media?parent=3483"}],"curies":[{"name":"wp","href":"https:\/\/api.w.org\/{rel}","templated":true}]}}