{"id":2038,"date":"2018-12-10T16:04:57","date_gmt":"2018-12-10T16:04:57","guid":{"rendered":"https:\/\/www.centrocongressosalgarve.com\/fenix\/"},"modified":"2019-03-13T12:59:29","modified_gmt":"2019-03-13T12:59:29","slug":"fenix","status":"publish","type":"page","link":"https:\/\/www.centrocongressosalgarve.com\/fr\/o-centro\/salas-de-reuniao\/fenix\/","title":{"rendered":"F\u00e9nix"},"content":{"rendered":"\n<p> Distincte par son architecture moderne, la Salle F\u00e9nix est l\u2019<em>ex-libris<\/em> du Centre de Congr\u00e8s d\u2019Algarve en raison de sa capacit\u00e9 allant jusqu\u2019\u00e0 3000 personnes. Notre principale salle pl\u00e9ni\u00e8re, F\u00e9nix, pr\u00e9sente d\u2019incroyables caract\u00e9ristiques, tels qu\u2019une hauteur de plafond de 10 m\u00e8tres, une capacit\u00e9 maximale de 3000 personnes et une possibilit\u00e9 d\u2019adaptation pour convenir \u00e0 des groupes de diff\u00e9rentes dimensions. C\u2019est le seul lieu de r\u00e9unions au niveau europ\u00e9en, ayant de telles dimensions fonctionnelles et ayant plein acc\u00e8s aux installations d\u2019un h\u00f4tel.<\/p>\n\n\n<div class=\"gallery-outer post-gallery align\">\n<div class=\"gallery-views\">\n<div class=\"view active\" data-view=\"gallery\">\n<svg width=\"22\" height=\"22\" viewBox=\"0 0 22 22\"><path d=\"M0,22 L22,22 L22,0 L0,0 L0,22 Z M1.28377196,1.28377196 L20.716228,1.28377196 L20.716228,14.1060862 L16.4669429,10.1212581 L13.6208204,12.0045516 L9.66551905,7.87722472 L1.28377196,13.3114314 L1.28377196,1.28377196 Z M1.28377196,14.8416876 L9.47295326,9.53200677 L12.5321818,12.7247476 L1.28377196,20.1642061 L1.28377196,14.8416876 Z M16.3295793,11.7516485 L20.716228,15.8661376 L20.716228,20.716228 L2.77551497,20.716228 L16.3295793,11.7516485 Z\" stroke=\"none\" stroke-width=\"1\" fill-rule=\"evenodd\"\/><\/svg><\/div>\n<div class=\"view\" data-view=\"thumbnails\">\n<svg width=\"22\" height=\"22\" viewBox=\"0 0 22 22\"><path d=\"M34,22 L56,22 L56,0 L34,0 L34,22 Z M35.2850557,20.716228 L54.716228,20.716228 L54.716228,1.28377196 L35.2850557,1.28377196 L35.2850557,20.716228 Z M46.2856976,9.71430239 L50.1370135,9.71430239 L50.1370135,5.86298652 L46.2856976,5.86298652 L46.2856976,9.71430239 Z M39.8565677,9.71430239 L43.7078835,9.71430239 L43.7078835,5.86298652 L39.8565677,5.86298652 L39.8565677,9.71430239 Z M46.2972516,16.1357297 L50.1485674,16.1357297 L50.1485674,12.2844138 L46.2972516,12.2844138 L46.2972516,16.1357297 Z M39.8642703,16.1357297 L43.7168699,16.1357297 L43.7168699,12.2844138 L39.8642703,12.2844138 L39.8642703,16.1357297 Z\" transform=\"translate(-34)\" stroke=\"none\" stroke-width=\"1\" fill-rule=\"evenodd\"\/><\/svg><\/div>\n<\/div>\n<div class=\"thumbnails hidden\">\n<div class=\"thumbnails-container\">\n<div class=\"gallery-thumbnail-out\">\n<div class=\"gallery-thumbnail\" style=\"background-image: url(https:\/\/www.centrocongressosalgarve.com\/files\/uploads\/2019\/02\/algarve_centrocongressos_meetingroom_oceanview.jpg);\" data-slideNum=\"0\"><\/div>\n<\/div>\n<div class=\"gallery-thumbnail-out\">\n<div class=\"gallery-thumbnail\" style=\"background-image: url(https:\/\/www.centrocongressosalgarve.com\/files\/uploads\/2019\/02\/algarve_centrocongressos_meetingroom_school-2.jpg);\" data-slideNum=\"1\"><\/div>\n<\/div>\n<div class=\"gallery-thumbnail-out\">\n<div class=\"gallery-thumbnail\" style=\"background-image: url(https:\/\/www.centrocongressosalgarve.com\/files\/uploads\/2019\/02\/algarve_centrocongressos_meetingroom_school2.jpg);\" data-slideNum=\"2\"><\/div>\n<\/div>\n<div class=\"gallery-thumbnail-out\">\n<div class=\"gallery-thumbnail\" style=\"background-image: url(https:\/\/www.centrocongressosalgarve.com\/files\/uploads\/2019\/02\/algarve_centrocongressos_meetingroom_school.jpg);\" data-slideNum=\"3\"><\/div>\n<\/div>\n<div class=\"gallery-thumbnail-out\">\n<div class=\"gallery-thumbnail\" style=\"background-image: url(https:\/\/www.centrocongressosalgarve.com\/files\/uploads\/2019\/02\/algarve_centrocongressos_meetingroom_theatre-1024x481.jpg);\" data-slideNum=\"4\"><\/div>\n<\/div>\n<div class=\"gallery-thumbnail-out\">\n<div class=\"gallery-thumbnail\" style=\"background-image: url(https:\/\/www.centrocongressosalgarve.com\/files\/uploads\/2019\/02\/algarve_centrocongressos_meetingroom_theatre_oceanview.jpg);\" data-slideNum=\"5\"><\/div>\n<\/div>\n<div class=\"gallery-thumbnail-out\">\n<div class=\"gallery-thumbnail\" style=\"background-image: url(https:\/\/www.centrocongressosalgarve.com\/files\/uploads\/2019\/02\/algarve_vilamoura_centrocongressos_meetingroom_harbourview.jpg);\" data-slideNum=\"6\"><\/div>\n<\/div>\n<div class=\"gallery-thumbnail-out\">\n<div class=\"gallery-thumbnail\" style=\"background-image: url(https:\/\/www.centrocongressosalgarve.com\/files\/uploads\/2019\/02\/algarve_vilamoura_centrocongressos_meetingroom_oceanview.jpg);\" data-slideNum=\"7\"><\/div>\n<\/div>\n<div class=\"gallery-thumbnail-out\">\n<div class=\"gallery-thumbnail\" style=\"background-image: url(https:\/\/www.centrocongressosalgarve.com\/files\/uploads\/2019\/02\/algarve_centrocongressos_meetingroom_cabaret-2.jpg);\" data-slideNum=\"8\"><\/div>\n<\/div>\n<div class=\"gallery-thumbnail-out\">\n<div class=\"gallery-thumbnail\" style=\"background-image: url(https:\/\/www.centrocongressosalgarve.com\/files\/uploads\/2019\/02\/algarve_centrocongressos_meetingroom_cabaret.jpg);\" data-slideNum=\"9\"><\/div>\n<\/div>\n<\/div>\n<\/div>\n<div class=\"gallery hidden\">\n<div class=\"slide\">\n<div class=\"slide-inner\">\n<div class=\"gallery-img\" style=\"background-image: url(https:\/\/www.centrocongressosalgarve.com\/files\/uploads\/2019\/02\/algarve_centrocongressos_meetingroom_oceanview.jpg);\">\n<img decoding=\"async\" src=\"https:\/\/www.centrocongressosalgarve.com\/files\/uploads\/2019\/02\/algarve_centrocongressos_meetingroom_oceanview.jpg\" alt=\"Meeting room in the Algarve Congress Center with panoramic views over the ocean and Vilamoura Marina in the sunset\">\n<\/div>\n<div class=\"description-out\">\n<div class=\"description\"> &#8211; <\/div>\n<\/div>\n<\/div>\n<\/div>\n<div class=\"slide\">\n<div class=\"slide-inner\">\n<div class=\"gallery-img\" style=\"background-image: url(https:\/\/www.centrocongressosalgarve.com\/files\/uploads\/2019\/02\/algarve_centrocongressos_meetingroom_school-2.jpg);\">\n<img decoding=\"async\" src=\"https:\/\/www.centrocongressosalgarve.com\/files\/uploads\/2019\/02\/algarve_centrocongressos_meetingroom_school-2.jpg\" alt=\"Meeting room in the Algarve Congress Center with panoramic views over the ocean and Vilamoura Marina\">\n<\/div>\n<div class=\"description-out\">\n<div class=\"description\"> &#8211; <\/div>\n<\/div>\n<\/div>\n<\/div>\n<div class=\"slide\">\n<div class=\"slide-inner\">\n<div class=\"gallery-img\" style=\"background-image: url(https:\/\/www.centrocongressosalgarve.com\/files\/uploads\/2019\/02\/algarve_centrocongressos_meetingroom_school2.jpg);\">\n<img decoding=\"async\" src=\"https:\/\/www.centrocongressosalgarve.com\/files\/uploads\/2019\/02\/algarve_centrocongressos_meetingroom_school2.jpg\" alt=\"Meeting room in the Algarve Congress Center with panoramic views over the ocean and Vilamoura Marina\">\n<\/div>\n<div class=\"description-out\">\n<div class=\"description\"> &#8211; <\/div>\n<\/div>\n<\/div>\n<\/div>\n<div class=\"slide\">\n<div class=\"slide-inner\">\n<div class=\"gallery-img\" style=\"background-image: url(https:\/\/www.centrocongressosalgarve.com\/files\/uploads\/2019\/02\/algarve_centrocongressos_meetingroom_school.jpg);\">\n<img decoding=\"async\" src=\"https:\/\/www.centrocongressosalgarve.com\/files\/uploads\/2019\/02\/algarve_centrocongressos_meetingroom_school.jpg\" alt=\"Meeting room in the Algarve Congress Center with panoramic views over the ocean and Vilamoura Marina\">\n<\/div>\n<div class=\"description-out\">\n<div class=\"description\"> &#8211; <\/div>\n<\/div>\n<\/div>\n<\/div>\n<div class=\"slide\">\n<div class=\"slide-inner\">\n<div class=\"gallery-img\" style=\"background-image: url(https:\/\/www.centrocongressosalgarve.com\/files\/uploads\/2019\/02\/algarve_centrocongressos_meetingroom_theatre.jpg);\">\n<img decoding=\"async\" src=\"https:\/\/www.centrocongressosalgarve.com\/files\/uploads\/2019\/02\/algarve_centrocongressos_meetingroom_theatre.jpg\" alt=\"Meeting room in the Algarve Congress Centre prepared for a big conference\">\n<\/div>\n<div class=\"description-out\">\n<div class=\"description\"> &#8211; <\/div>\n<\/div>\n<\/div>\n<\/div>\n<div class=\"slide\">\n<div class=\"slide-inner\">\n<div class=\"gallery-img\" style=\"background-image: url(https:\/\/www.centrocongressosalgarve.com\/files\/uploads\/2019\/02\/algarve_centrocongressos_meetingroom_theatre_oceanview.jpg);\">\n<img decoding=\"async\" src=\"https:\/\/www.centrocongressosalgarve.com\/files\/uploads\/2019\/02\/algarve_centrocongressos_meetingroom_theatre_oceanview.jpg\" alt=\"Meeting room in the Algarve Congress Center with panoramic views over the ocean and Vilamoura Marina\">\n<\/div>\n<div class=\"description-out\">\n<div class=\"description\"> &#8211; <\/div>\n<\/div>\n<\/div>\n<\/div>\n<div class=\"slide\">\n<div class=\"slide-inner\">\n<div class=\"gallery-img\" style=\"background-image: url(https:\/\/www.centrocongressosalgarve.com\/files\/uploads\/2019\/02\/algarve_vilamoura_centrocongressos_meetingroom_harbourview.jpg);\">\n<img decoding=\"async\" src=\"https:\/\/www.centrocongressosalgarve.com\/files\/uploads\/2019\/02\/algarve_vilamoura_centrocongressos_meetingroom_harbourview.jpg\" alt=\"Meeting room in the Algarve Congress Center with panoramic views over the ocean and Vilamoura Marina\">\n<\/div>\n<div class=\"description-out\">\n<div class=\"description\"> &#8211; <\/div>\n<\/div>\n<\/div>\n<\/div>\n<div class=\"slide\">\n<div class=\"slide-inner\">\n<div class=\"gallery-img\" style=\"background-image: url(https:\/\/www.centrocongressosalgarve.com\/files\/uploads\/2019\/02\/algarve_vilamoura_centrocongressos_meetingroom_oceanview.jpg);\">\n<img decoding=\"async\" src=\"https:\/\/www.centrocongressosalgarve.com\/files\/uploads\/2019\/02\/algarve_vilamoura_centrocongressos_meetingroom_oceanview.jpg\" alt=\"Meeting room in the Algarve Congress Center with panoramic views over the ocean and Vilamoura Marina\">\n<\/div>\n<div class=\"description-out\">\n<div class=\"description\"> &#8211; <\/div>\n<\/div>\n<\/div>\n<\/div>\n<div class=\"slide\">\n<div class=\"slide-inner\">\n<div class=\"gallery-img\" style=\"background-image: url(https:\/\/www.centrocongressosalgarve.com\/files\/uploads\/2019\/02\/algarve_centrocongressos_meetingroom_cabaret-2.jpg);\">\n<img decoding=\"async\" src=\"https:\/\/www.centrocongressosalgarve.com\/files\/uploads\/2019\/02\/algarve_centrocongressos_meetingroom_cabaret-2.jpg\" alt=\"Meeting room in Algarve Congress Center with\">\n<\/div>\n<div class=\"description-out\">\n<div class=\"description\"> &#8211; <\/div>\n<\/div>\n<\/div>\n<\/div>\n<div class=\"slide\">\n<div class=\"slide-inner\">\n<div class=\"gallery-img\" style=\"background-image: url(https:\/\/www.centrocongressosalgarve.com\/files\/uploads\/2019\/02\/algarve_centrocongressos_meetingroom_cabaret.jpg);\">\n<img decoding=\"async\" src=\"https:\/\/www.centrocongressosalgarve.com\/files\/uploads\/2019\/02\/algarve_centrocongressos_meetingroom_cabaret.jpg\" alt=\"Meeting room, Algarve Congress Center\">\n<\/div>\n<div class=\"description-out\">\n<div class=\"description\"> &#8211; <\/div>\n<\/div>\n<\/div>\n<\/div>\n<\/div>\n<\/div>\n","protected":false},"excerpt":{"rendered":"<p>Distincte par son architecture moderne, la Salle F\u00e9nix est l\u2019ex-libris du Centre de Congr\u00e8s d\u2019Algarve en raison de sa capacit\u00e9 allant jusqu\u2019\u00e0 3000 personnes. Notre principale salle pl\u00e9ni\u00e8re, F\u00e9nix, pr\u00e9sente d\u2019incroyables caract\u00e9ristiques, tels qu\u2019une hauteur de plafond de 10 m\u00e8tres, une capacit\u00e9 maximale de 3000 personnes et une possibilit\u00e9 d\u2019adaptation pour convenir \u00e0 des groupes [&hellip;]<\/p>\n","protected":false},"author":2,"featured_media":0,"parent":2057,"menu_order":1,"comment_status":"closed","ping_status":"closed","template":"templates\/meeting-rooms-fenix.php","meta":{"_acf_changed":false,"om_disable_all_campaigns":false,"inline_featured_image":false,"footnotes":""},"class_list":["post-2038","page","type-page","status-publish","hentry","page-entry"],"acf":[],"aioseo_notices":[],"_links":{"self":[{"href":"https:\/\/www.centrocongressosalgarve.com\/fr\/wp-json\/wp\/v2\/pages\/2038","targetHints":{"allow":["GET"]}}],"collection":[{"href":"https:\/\/www.centrocongressosalgarve.com\/fr\/wp-json\/wp\/v2\/pages"}],"about":[{"href":"https:\/\/www.centrocongressosalgarve.com\/fr\/wp-json\/wp\/v2\/types\/page"}],"author":[{"embeddable":true,"href":"https:\/\/www.centrocongressosalgarve.com\/fr\/wp-json\/wp\/v2\/users\/2"}],"replies":[{"embeddable":true,"href":"https:\/\/www.centrocongressosalgarve.com\/fr\/wp-json\/wp\/v2\/comments?post=2038"}],"version-history":[{"count":3,"href":"https:\/\/www.centrocongressosalgarve.com\/fr\/wp-json\/wp\/v2\/pages\/2038\/revisions"}],"predecessor-version":[{"id":2574,"href":"https:\/\/www.centrocongressosalgarve.com\/fr\/wp-json\/wp\/v2\/pages\/2038\/revisions\/2574"}],"up":[{"embeddable":true,"href":"https:\/\/www.centrocongressosalgarve.com\/fr\/wp-json\/wp\/v2\/pages\/2057"}],"wp:attachment":[{"href":"https:\/\/www.centrocongressosalgarve.com\/fr\/wp-json\/wp\/v2\/media?parent=2038"}],"curies":[{"name":"wp","href":"https:\/\/api.w.org\/{rel}","templated":true}]}}