{"id":2057,"date":"2018-12-10T15:50:29","date_gmt":"2018-12-10T15:50:29","guid":{"rendered":"https:\/\/www.centrocongressosalgarve.com\/salas-de-reuniao\/"},"modified":"2022-05-18T17:03:39","modified_gmt":"2022-05-18T17:03:39","slug":"salas-de-reuniao","status":"publish","type":"page","link":"https:\/\/www.centrocongressosalgarve.com\/fr\/o-centro\/salas-de-reuniao\/","title":{"rendered":"Salles de r\u00e9union"},"content":{"rendered":"\n<p>Pour vous aider \u00e0 planifier votre \u00e9v\u00e9nement, renseignez-vous sur les sp\u00e9cifications des salles de r\u00e9union Fenix, P\u00e9gaso et Neptuno du Centro de Congressos do Algarve.<\/p>\n\n\n\n<div style=\"height:100px\" aria-hidden=\"true\" class=\"wp-block-spacer\"><\/div>\n\n\n\n<div class=\"wp-block-columns is-layout-flex wp-container-core-columns-is-layout-9d6595d7 wp-block-columns-is-layout-flex\">\n<div class=\"wp-block-column is-layout-flow wp-block-column-is-layout-flow\">\n<h2 class=\"wp-block-heading\">SALLE DE R\u00c9UNION F\u00c9NIX<\/h2>\n\n\n\n<p>Distincte par son architecture moderne, la Salle F\u00e9nix est l\u2019<em>ex-libris<\/em>\u00a0du Centre de Congr\u00e8s d\u2019Algarve en raison de sa capacit\u00e9 allant jusqu\u2019\u00e0 3000 personnes.\u00a0<\/p>\n\n\n\n<div class=\"wp-block-buttons is-layout-flex wp-block-buttons-is-layout-flex\">\n<div class=\"wp-block-button\"><a class=\"wp-block-button__link\" href=\"https:\/\/centrocongressosalgarve.com\/fr\/o-centro\/salas-de-reuniao\/fenix\/\">EN SAVOIR PLUS<\/a><\/div>\n<\/div>\n<\/div>\n\n\n\n<div class=\"wp-block-column is-layout-flow wp-block-column-is-layout-flow\">\n<figure class=\"wp-block-image size-full\"><img loading=\"lazy\" decoding=\"async\" width=\"900\" height=\"600\" src=\"https:\/\/centrocongressosalgarve.com\/files\/uploads\/2019\/02\/algarve_centrocongressos_meetingroom_cabaret-2.jpg\" alt=\"\" class=\"wp-image-1902\" srcset=\"https:\/\/www.centrocongressosalgarve.com\/files\/uploads\/2019\/02\/algarve_centrocongressos_meetingroom_cabaret-2.jpg 900w, https:\/\/www.centrocongressosalgarve.com\/files\/uploads\/2019\/02\/algarve_centrocongressos_meetingroom_cabaret-2-300x200.jpg 300w, https:\/\/www.centrocongressosalgarve.com\/files\/uploads\/2019\/02\/algarve_centrocongressos_meetingroom_cabaret-2-768x512.jpg 768w\" sizes=\"auto, (max-width: 900px) 100vw, 900px\" \/><\/figure>\n\n\n\n<div style=\"height:100px\" aria-hidden=\"true\" class=\"wp-block-spacer\"><\/div>\n<\/div>\n<\/div>\n\n\n\n<div class=\"wp-block-columns is-layout-flex wp-container-core-columns-is-layout-9d6595d7 wp-block-columns-is-layout-flex\">\n<div class=\"wp-block-column is-layout-flow wp-block-column-is-layout-flow\">\n<h2 class=\"wp-block-heading\">SALLES DE R\u00c9UNION P\u00c9GASO ET NEPTUNO<\/h2>\n\n\n\n<p>Avec une superficie de 420 m<sup>2<\/sup>\u00a0et une hauteur de plafond de 4 m\u00e8tres, la salle peut \u00eatre subdivis\u00e9e en 8 espaces diff\u00e9rents, pouvant accueillir jusqu\u2019\u00e0 430 personnes assises sur plusieurs rang\u00e9es de si\u00e8ges ou 210 en configuration \u00e9cole, tout en b\u00e9n\u00e9ficiant d\u2019une vue magnifique.<\/p>\n\n\n\n<div class=\"wp-block-buttons is-layout-flex wp-block-buttons-is-layout-flex\">\n<div class=\"wp-block-button\"><a class=\"wp-block-button__link\" href=\"https:\/\/centrocongressosalgarve.com\/fr\/o-centro\/salas-de-reuniao\/pegaso-neptuno\/\">EN SAVOIR PLUS<\/a><\/div>\n<\/div>\n<\/div>\n\n\n\n<div class=\"wp-block-column is-layout-flow wp-block-column-is-layout-flow\">\n<figure class=\"wp-block-image size-full\"><img loading=\"lazy\" decoding=\"async\" width=\"900\" height=\"600\" src=\"https:\/\/centrocongressosalgarve.com\/files\/uploads\/2019\/02\/algarve_centrocongressos_meetingroom_school_harbourview.jpg\" alt=\"\" class=\"wp-image-1782\" srcset=\"https:\/\/www.centrocongressosalgarve.com\/files\/uploads\/2019\/02\/algarve_centrocongressos_meetingroom_school_harbourview.jpg 900w, https:\/\/www.centrocongressosalgarve.com\/files\/uploads\/2019\/02\/algarve_centrocongressos_meetingroom_school_harbourview-300x200.jpg 300w, https:\/\/www.centrocongressosalgarve.com\/files\/uploads\/2019\/02\/algarve_centrocongressos_meetingroom_school_harbourview-768x512.jpg 768w\" sizes=\"auto, (max-width: 900px) 100vw, 900px\" \/><\/figure>\n<\/div>\n<\/div>\n\n\n\n<div style=\"height:100px\" aria-hidden=\"true\" class=\"wp-block-spacer\"><\/div>\n\n\n\n<h2 class=\"wp-block-heading\">COMPARER LES SALLES<\/h2>\n\n\n\n<p>D\u00e9couvrez en d\u00e9tail la capacit\u00e9 de chacune de nos salles, selon les diff\u00e9rentes configurations existantes.<\/p>\n\n\n\n<p>Comparez et s\u00e9lectionnez les espaces les mieux adapt\u00e9s \u00e0 chaque moment de votre \u00e9v\u00e8nement.<\/p>\n\n\n\n<div class=\"wp-block-buttons is-layout-flex wp-block-buttons-is-layout-flex\">\n<div class=\"wp-block-button\"><a class=\"wp-block-button__link\" href=\"https:\/\/centrocongressosalgarve.com\/fr\/o-centro\/salas-de-reuniao\/comparar-salas\/\">COMPARER LES SALLES<\/a><\/div>\n<\/div>\n","protected":false},"excerpt":{"rendered":"<p>Pour vous aider \u00e0 planifier votre \u00e9v\u00e9nement, renseignez-vous sur les sp\u00e9cifications des salles de r\u00e9union Fenix, P\u00e9gaso et Neptuno du Centro de Congressos do Algarve. SALLE DE R\u00c9UNION F\u00c9NIX Distincte par son architecture moderne, la Salle F\u00e9nix est l\u2019ex-libris\u00a0du Centre de Congr\u00e8s d\u2019Algarve en raison de sa capacit\u00e9 allant jusqu\u2019\u00e0 3000 personnes.\u00a0 SALLES DE R\u00c9UNION [&hellip;]<\/p>\n","protected":false},"author":2,"featured_media":0,"parent":2122,"menu_order":1,"comment_status":"closed","ping_status":"closed","template":"","meta":{"_acf_changed":false,"om_disable_all_campaigns":false,"inline_featured_image":false,"footnotes":""},"class_list":["post-2057","page","type-page","status-publish","hentry","page-entry"],"acf":[],"aioseo_notices":[],"_links":{"self":[{"href":"https:\/\/www.centrocongressosalgarve.com\/fr\/wp-json\/wp\/v2\/pages\/2057","targetHints":{"allow":["GET"]}}],"collection":[{"href":"https:\/\/www.centrocongressosalgarve.com\/fr\/wp-json\/wp\/v2\/pages"}],"about":[{"href":"https:\/\/www.centrocongressosalgarve.com\/fr\/wp-json\/wp\/v2\/types\/page"}],"author":[{"embeddable":true,"href":"https:\/\/www.centrocongressosalgarve.com\/fr\/wp-json\/wp\/v2\/users\/2"}],"replies":[{"embeddable":true,"href":"https:\/\/www.centrocongressosalgarve.com\/fr\/wp-json\/wp\/v2\/comments?post=2057"}],"version-history":[{"count":4,"href":"https:\/\/www.centrocongressosalgarve.com\/fr\/wp-json\/wp\/v2\/pages\/2057\/revisions"}],"predecessor-version":[{"id":3188,"href":"https:\/\/www.centrocongressosalgarve.com\/fr\/wp-json\/wp\/v2\/pages\/2057\/revisions\/3188"}],"up":[{"embeddable":true,"href":"https:\/\/www.centrocongressosalgarve.com\/fr\/wp-json\/wp\/v2\/pages\/2122"}],"wp:attachment":[{"href":"https:\/\/www.centrocongressosalgarve.com\/fr\/wp-json\/wp\/v2\/media?parent=2057"}],"curies":[{"name":"wp","href":"https:\/\/api.w.org\/{rel}","templated":true}]}}