{"id":2079,"date":"2018-12-10T15:29:03","date_gmt":"2018-12-10T15:29:03","guid":{"rendered":"https:\/\/www.centrocongressosalgarve.com\/exposicoes\/"},"modified":"2019-03-13T12:57:16","modified_gmt":"2019-03-13T12:57:16","slug":"exposicoes","status":"publish","type":"page","link":"https:\/\/www.centrocongressosalgarve.com\/fr\/eventos-sociais\/exposicoes\/","title":{"rendered":"Expositions"},"content":{"rendered":"\n<p> L\u2019architecture et les couleurs neutres du Centre de Congr\u00e8s d\u2019Algarve, enrichies par la lumi\u00e8re naturelle, la hauteur de plafond et les vastes zones sont le parfait sc\u00e9nario pour r\u00e9aliser des expositions ou des installations artistiques les plus vari\u00e9es. L\u2019un des espaces par excellence d\u00e9di\u00e9 \u00e0 la r\u00e9alisation d\u2019expositions sont les foyers qui se trouvent \u00e0 l\u2019\u00e9tage 0 et au 1<sup>er<\/sup> \u00e9tage. Ici, il est possible de recr\u00e9er des environnements distincts de fa\u00e7on simple, pouvant les diff\u00e9rentier par zones ou par \u00e9tages. <\/p>\n","protected":false},"excerpt":{"rendered":"<p>L\u2019architecture et les couleurs neutres du Centre de Congr\u00e8s d\u2019Algarve, enrichies par la lumi\u00e8re naturelle, la hauteur de plafond et les vastes zones sont le parfait sc\u00e9nario pour r\u00e9aliser des expositions ou des installations artistiques les plus vari\u00e9es. L\u2019un des espaces par excellence d\u00e9di\u00e9 \u00e0 la r\u00e9alisation d\u2019expositions sont les foyers qui se trouvent \u00e0 [&hellip;]<\/p>\n","protected":false},"author":2,"featured_media":1729,"parent":2100,"menu_order":0,"comment_status":"closed","ping_status":"closed","template":"templates\/social-events-child.php","meta":{"_acf_changed":false,"om_disable_all_campaigns":false,"inline_featured_image":false,"footnotes":""},"class_list":["post-2079","page","type-page","status-publish","has-post-thumbnail","hentry","page-entry"],"acf":[],"aioseo_notices":[],"_links":{"self":[{"href":"https:\/\/www.centrocongressosalgarve.com\/fr\/wp-json\/wp\/v2\/pages\/2079","targetHints":{"allow":["GET"]}}],"collection":[{"href":"https:\/\/www.centrocongressosalgarve.com\/fr\/wp-json\/wp\/v2\/pages"}],"about":[{"href":"https:\/\/www.centrocongressosalgarve.com\/fr\/wp-json\/wp\/v2\/types\/page"}],"author":[{"embeddable":true,"href":"https:\/\/www.centrocongressosalgarve.com\/fr\/wp-json\/wp\/v2\/users\/2"}],"replies":[{"embeddable":true,"href":"https:\/\/www.centrocongressosalgarve.com\/fr\/wp-json\/wp\/v2\/comments?post=2079"}],"version-history":[{"count":3,"href":"https:\/\/www.centrocongressosalgarve.com\/fr\/wp-json\/wp\/v2\/pages\/2079\/revisions"}],"predecessor-version":[{"id":2553,"href":"https:\/\/www.centrocongressosalgarve.com\/fr\/wp-json\/wp\/v2\/pages\/2079\/revisions\/2553"}],"up":[{"embeddable":true,"href":"https:\/\/www.centrocongressosalgarve.com\/fr\/wp-json\/wp\/v2\/pages\/2100"}],"wp:featuredmedia":[{"embeddable":true,"href":"https:\/\/www.centrocongressosalgarve.com\/fr\/wp-json\/wp\/v2\/media\/1729"}],"wp:attachment":[{"href":"https:\/\/www.centrocongressosalgarve.com\/fr\/wp-json\/wp\/v2\/media?parent=2079"}],"curies":[{"name":"wp","href":"https:\/\/api.w.org\/{rel}","templated":true}]}}