{"id":2154,"date":"2018-10-18T15:24:22","date_gmt":"2018-10-18T15:24:22","guid":{"rendered":"https:\/\/www.centrocongressosalgarve.com\/o-centro\/terracos-e-rooftop\/"},"modified":"2019-03-13T14:05:33","modified_gmt":"2019-03-13T14:05:33","slug":"terracos-e-rooftop","status":"publish","type":"page","link":"https:\/\/www.centrocongressosalgarve.com\/fr\/o-centro\/terracos-e-rooftop\/","title":{"rendered":"Terrasses et Toit-terrasse"},"content":{"rendered":"\n<p> Avec 2656 m<sup>2<\/sup>, le Toit-terrasse du Centre de Congr\u00e8s d\u2019Algarve est l\u2019espace parfait pour r\u00e9aliser des \u00e9v\u00e8nements de toutes sortes, tels que les pauses-caf\u00e9, les cocktails et les f\u00eates priv\u00e9es. Cet espace b\u00e9n\u00e9ficie d\u2019une vue imprenable sur toute la r\u00e9gion environnante, la mer, le port de plaisance et la montagne. <\/p>\n\n\n<div class=\"gallery-outer post-gallery align\">\n<div class=\"gallery-views\">\n<div class=\"view active\" data-view=\"gallery\">\n<svg width=\"22\" height=\"22\" viewBox=\"0 0 22 22\"><path d=\"M0,22 L22,22 L22,0 L0,0 L0,22 Z M1.28377196,1.28377196 L20.716228,1.28377196 L20.716228,14.1060862 L16.4669429,10.1212581 L13.6208204,12.0045516 L9.66551905,7.87722472 L1.28377196,13.3114314 L1.28377196,1.28377196 Z M1.28377196,14.8416876 L9.47295326,9.53200677 L12.5321818,12.7247476 L1.28377196,20.1642061 L1.28377196,14.8416876 Z M16.3295793,11.7516485 L20.716228,15.8661376 L20.716228,20.716228 L2.77551497,20.716228 L16.3295793,11.7516485 Z\" stroke=\"none\" stroke-width=\"1\" fill-rule=\"evenodd\"\/><\/svg><\/div>\n<div class=\"view\" data-view=\"thumbnails\">\n<svg width=\"22\" height=\"22\" viewBox=\"0 0 22 22\"><path d=\"M34,22 L56,22 L56,0 L34,0 L34,22 Z M35.2850557,20.716228 L54.716228,20.716228 L54.716228,1.28377196 L35.2850557,1.28377196 L35.2850557,20.716228 Z M46.2856976,9.71430239 L50.1370135,9.71430239 L50.1370135,5.86298652 L46.2856976,5.86298652 L46.2856976,9.71430239 Z M39.8565677,9.71430239 L43.7078835,9.71430239 L43.7078835,5.86298652 L39.8565677,5.86298652 L39.8565677,9.71430239 Z M46.2972516,16.1357297 L50.1485674,16.1357297 L50.1485674,12.2844138 L46.2972516,12.2844138 L46.2972516,16.1357297 Z M39.8642703,16.1357297 L43.7168699,16.1357297 L43.7168699,12.2844138 L39.8642703,12.2844138 L39.8642703,16.1357297 Z\" transform=\"translate(-34)\" stroke=\"none\" stroke-width=\"1\" fill-rule=\"evenodd\"\/><\/svg><\/div>\n<\/div>\n<div class=\"thumbnails hidden\">\n<div class=\"thumbnails-container\">\n<div class=\"gallery-thumbnail-out\">\n<div class=\"gallery-thumbnail\" style=\"background-image: url(https:\/\/www.centrocongressosalgarve.com\/files\/uploads\/2019\/01\/TERRACE4-1024x685.jpg);\" data-slideNum=\"0\"><\/div>\n<\/div>\n<div class=\"gallery-thumbnail-out\">\n<div class=\"gallery-thumbnail\" style=\"background-image: url(https:\/\/www.centrocongressosalgarve.com\/files\/uploads\/2019\/01\/TERRACE1-1024x685.jpg);\" data-slideNum=\"1\"><\/div>\n<\/div>\n<div class=\"gallery-thumbnail-out\">\n<div class=\"gallery-thumbnail\" style=\"background-image: url(https:\/\/www.centrocongressosalgarve.com\/files\/uploads\/2019\/01\/TERRACE2-1024x685.jpg);\" data-slideNum=\"2\"><\/div>\n<\/div>\n<div class=\"gallery-thumbnail-out\">\n<div class=\"gallery-thumbnail\" style=\"background-image: url(https:\/\/www.centrocongressosalgarve.com\/files\/uploads\/2019\/01\/TERRACE-4-1024x685.jpg);\" data-slideNum=\"3\"><\/div>\n<\/div>\n<div class=\"gallery-thumbnail-out\">\n<div class=\"gallery-thumbnail\" style=\"background-image: url(https:\/\/www.centrocongressosalgarve.com\/files\/uploads\/2019\/02\/algarve_vilamoura_centrocongressos_terrace.jpg);\" data-slideNum=\"4\"><\/div>\n<\/div>\n<\/div>\n<\/div>\n<div class=\"gallery hidden\">\n<div class=\"slide\">\n<div class=\"slide-inner\">\n<div class=\"gallery-img\" style=\"background-image: url(https:\/\/www.centrocongressosalgarve.com\/files\/uploads\/2019\/01\/TERRACE4.jpg);\">\n<img decoding=\"async\" src=\"https:\/\/www.centrocongressosalgarve.com\/files\/uploads\/2019\/01\/TERRACE4.jpg\" alt=\"View over the Purobeach swimming pool, surrounded by sunbeds and trees\">\n<\/div>\n<div class=\"description-out\">\n<div class=\"description\"> &#8211; <\/div>\n<\/div>\n<\/div>\n<\/div>\n<div class=\"slide\">\n<div class=\"slide-inner\">\n<div class=\"gallery-img\" style=\"background-image: url(https:\/\/www.centrocongressosalgarve.com\/files\/uploads\/2019\/01\/TERRACE1.jpg);\">\n<img decoding=\"async\" src=\"https:\/\/www.centrocongressosalgarve.com\/files\/uploads\/2019\/01\/TERRACE1.jpg\" alt=\"the balcony of the Algarve Congress Center with tables overlooking the ocean\">\n<\/div>\n<div class=\"description-out\">\n<div class=\"description\"> &#8211; <\/div>\n<\/div>\n<\/div>\n<\/div>\n<div class=\"slide\">\n<div class=\"slide-inner\">\n<div class=\"gallery-img\" style=\"background-image: url(https:\/\/www.centrocongressosalgarve.com\/files\/uploads\/2019\/01\/TERRACE2.jpg);\">\n<img decoding=\"async\" src=\"https:\/\/www.centrocongressosalgarve.com\/files\/uploads\/2019\/01\/TERRACE2.jpg\" alt=\"catering on the balcony of the Centro de Congressos do Algarve overlooking the Marina of Vilamoura, Algarve\">\n<\/div>\n<div class=\"description-out\">\n<div class=\"description\"> &#8211; <\/div>\n<\/div>\n<\/div>\n<\/div>\n<div class=\"slide\">\n<div class=\"slide-inner\">\n<div class=\"gallery-img\" style=\"background-image: url(https:\/\/www.centrocongressosalgarve.com\/files\/uploads\/2019\/01\/TERRACE-4.jpg);\">\n<img decoding=\"async\" src=\"https:\/\/www.centrocongressosalgarve.com\/files\/uploads\/2019\/01\/TERRACE-4.jpg\" alt=\"the balcony of Algarve Congress Center with overlooking Vilamoura Marina, Algarve\">\n<\/div>\n<div class=\"description-out\">\n<div class=\"description\"> &#8211; <\/div>\n<\/div>\n<\/div>\n<\/div>\n<div class=\"slide\">\n<div class=\"slide-inner\">\n<div class=\"gallery-img\" style=\"background-image: url(https:\/\/www.centrocongressosalgarve.com\/files\/uploads\/2019\/02\/algarve_vilamoura_centrocongressos_terrace.jpg);\">\n<img decoding=\"async\" src=\"https:\/\/www.centrocongressosalgarve.com\/files\/uploads\/2019\/02\/algarve_vilamoura_centrocongressos_terrace.jpg\" alt=\"the balcony of Algarve Congress Center with overlooking Vilamoura Marina, Algarve\">\n<\/div>\n<div class=\"description-out\">\n<div class=\"description\"> &#8211; <\/div>\n<\/div>\n<\/div>\n<\/div>\n<\/div>\n<\/div>\n","protected":false},"excerpt":{"rendered":"<p>Avec 2656 m2, le Toit-terrasse du Centre de Congr\u00e8s d\u2019Algarve est l\u2019espace parfait pour r\u00e9aliser des \u00e9v\u00e8nements de toutes sortes, tels que les pauses-caf\u00e9, les cocktails et les f\u00eates priv\u00e9es. Cet espace b\u00e9n\u00e9ficie d\u2019une vue imprenable sur toute la r\u00e9gion environnante, la mer, le port de plaisance et la montagne.<\/p>\n","protected":false},"author":1,"featured_media":0,"parent":2122,"menu_order":2,"comment_status":"closed","ping_status":"closed","template":"templates\/terraces.php","meta":{"_acf_changed":false,"om_disable_all_campaigns":false,"inline_featured_image":false,"footnotes":""},"class_list":["post-2154","page","type-page","status-publish","hentry","page-entry"],"acf":[],"aioseo_notices":[],"_links":{"self":[{"href":"https:\/\/www.centrocongressosalgarve.com\/fr\/wp-json\/wp\/v2\/pages\/2154","targetHints":{"allow":["GET"]}}],"collection":[{"href":"https:\/\/www.centrocongressosalgarve.com\/fr\/wp-json\/wp\/v2\/pages"}],"about":[{"href":"https:\/\/www.centrocongressosalgarve.com\/fr\/wp-json\/wp\/v2\/types\/page"}],"author":[{"embeddable":true,"href":"https:\/\/www.centrocongressosalgarve.com\/fr\/wp-json\/wp\/v2\/users\/1"}],"replies":[{"embeddable":true,"href":"https:\/\/www.centrocongressosalgarve.com\/fr\/wp-json\/wp\/v2\/comments?post=2154"}],"version-history":[{"count":4,"href":"https:\/\/www.centrocongressosalgarve.com\/fr\/wp-json\/wp\/v2\/pages\/2154\/revisions"}],"predecessor-version":[{"id":2694,"href":"https:\/\/www.centrocongressosalgarve.com\/fr\/wp-json\/wp\/v2\/pages\/2154\/revisions\/2694"}],"up":[{"embeddable":true,"href":"https:\/\/www.centrocongressosalgarve.com\/fr\/wp-json\/wp\/v2\/pages\/2122"}],"wp:attachment":[{"href":"https:\/\/www.centrocongressosalgarve.com\/fr\/wp-json\/wp\/v2\/media?parent=2154"}],"curies":[{"name":"wp","href":"https:\/\/api.w.org\/{rel}","templated":true}]}}