{"id":2161,"date":"2018-10-15T15:19:24","date_gmt":"2018-10-15T15:19:24","guid":{"rendered":"https:\/\/www.centrocongressosalgarve.com\/politica-de-privacidade\/"},"modified":"2022-06-02T15:32:41","modified_gmt":"2022-06-02T15:32:41","slug":"politica-de-privacidade","status":"publish","type":"page","link":"https:\/\/www.centrocongressosalgarve.com\/fr\/politica-de-privacidade\/","title":{"rendered":"Politique de Confidentialit\u00e9"},"content":{"rendered":"\n<h2 class=\"wp-block-heading\">Votre Vie Priv\u00e9e Nous Tient \u00e0 Coeur<\/h2>\n\n\n\n<p>Minor International PCL, ainsi que ses filiales Minor International PCL et ses filiales (\u00ab Minor Group \u00bb, \u00ab nous \u00bb ou \u00ab la Soci\u00e9t\u00e9 \u00bb) (le \u00ab Contr\u00f4leur des Donn\u00e9es \u00bb), est une soci\u00e9t\u00e9 internationale ax\u00e9e sur trois activit\u00e9s principales, telles que la restauration, l&#8217;h\u00f4tellerie et la distribution de marques de bien-\u00eatre. Nous comprenons et nous respectons l&#8217;importance de votre vie priv\u00e9e, et c&#8217;est pourquoi nous expliquons ci-dessous les donn\u00e9es \u00e0 caract\u00e8re personnel que nous collectons sur nos utilisateurs ;<\/p>\n\n\n\n<ul class=\"wp-block-list\"><li>Quelles sont les informations que nous collectons \u00e0 votre sujet<\/li><li>Qui collecte les donn\u00e9es<\/li><li>Comment utiliserons-nous ces informations<\/li><li>Marketing<\/li><li>Comment sont stock\u00e9es les donn\u00e9es et avec qui sont-elles partag\u00e9es vos droits et comment les exercer<\/li><li>Cookies<\/li><li>Autres sites web<\/li><\/ul>\n\n\n\n<p>Nous pourrons modifier cette Politique de Confidentialit\u00e9 de temps en temps, afin de prendre en compte les modifications l\u00e9gislatives et\/ou les modifications de nos pratiques commerciales. Nous vous recommandons de v\u00e9rifier cette Politique \u00e0 chaque fois que vous visitez notre site web.<\/p>\n\n\n\n<div style=\"height:30px\" aria-hidden=\"true\" class=\"wp-block-spacer\"><\/div>\n\n\n\n<h3 class=\"wp-block-heading\">Quelles sont les informations que nous collections \u00e0 votre sujet<\/h3>\n\n\n\n<p>Aux fins vis\u00e9es au paragraphe suivant \u00ab Pourquoi sont-elles collect\u00e9es \u00bb, nous collectons les cat\u00e9gories suivantes de donn\u00e9es \u00e0 caract\u00e8re personnel lors de votre inscription sur notre site web, lorsque vous participez aux enqu\u00eates ou lorsque vous souscrivez \u00e0 nos bulletins d&#8217;information et \u00e0 nos alertes, ou bien lorsque vous utilisez nos produits ou nos services :<\/p>\n\n\n\n<ul class=\"wp-block-list\"><li>Donn\u00e9es \u00e0 caract\u00e8re personnel : le nom, le genre, la nationalit\u00e9, la date de naissance, et les noms des membres de votre famille, leurs dates de naissance, leurs nationalit\u00e9s, etc.<\/li><li>Informations sur les pr\u00e9f\u00e9rences : information pertinente pour le service r\u00e9serv\u00e9.<\/li><li>Vos contacts : adresse, num\u00e9ro de t\u00e9l\u00e9phone, adresse \u00e9lectronique, etc.<\/li><li>Informations de paiement : d\u00e9tails de la carte de cr\u00e9dit, adresse de facturation, et d&#8217;autres informations de paiement et de facturation.<\/li><li>Programme de fid\u00e9lisation et de parrainage : d\u00e9tails et affiliation du programme partenaire, donn\u00e9es analytiques et commerciales.<\/li><li>Informations sur l&#8217;h\u00e9bergement : dates d&#8217;arriv\u00e9e et dates de d\u00e9part de nos h\u00f4tels, l&#8217;emplacement de la chambre, chambre fumeur ou non-fumeur, type de chambre et demandes de lits, journal pr\u00e9f\u00e9r\u00e9, etc.<\/li><li>Feedback : registres des contacts effectu\u00e9s lorsque vous nous contactez, tel qu&#8217;un appel t\u00e9l\u00e9phonique, ou lorsque vous nous contactez en utilisant nos services en ligne, les d\u00e9tails tels que les donn\u00e9es de localisation de votre portable, adresse IP et adresse MAC, y compris l&#8217;historique de toutes les communications effectu\u00e9es avec nous, et l&#8217;analyse de votre interaction avec nous, ce qui nous aide \u00e0 personnaliser des offres pour vous et \u00e0 fournir des informations qui pourraient vous int\u00e9resser.<\/li><li>Informations techniques : adresse IP, donn\u00e9es g\u00e9ographiques, syst\u00e8me informatique et le type de navigateur, version de l&#8217;application, les param\u00e8tres de langue et les pages qui vous ont \u00e9t\u00e9 affich\u00e9es, etc.<\/li><li>Informations professionnelles : si vous postulez \u00e0 un poste au Minor Group, en plus des informations susmentionn\u00e9es, nous pouvons collecter des donn\u00e9es concernant votre \u00e9ducation, formation et exp\u00e9rience professionnelle.<\/li><li>Concernant les enfants de moins de 18 ans, nous limitons \u00e9galement la collecte de donn\u00e9es \u00e0 leur nom, leur nationalit\u00e9, et leur date de naissance, pouvant \u00eatre uniquement fournis par un adulte, soit les parents de l&#8217;enfant soit un tuteur, ou bien en obtenant leur consentement. Nous prions les parents de garantir que l&#8217;enfant n&#8217;envoie ni ne fournisse aucune donn\u00e9e \u00e0 caract\u00e8re personnel, sans le consentement parental. Si ces donn\u00e9es sont envoy\u00e9es, veuillez nous contacter pour les effacer.<\/li><li>Nous collectons \u00e9galement des donn\u00e9es concernant votre utilisation du site web, en utilisant des cookies (voir ci-dessous).<\/li><\/ul>\n\n\n\n<div style=\"height:30px\" aria-hidden=\"true\" class=\"wp-block-spacer\"><\/div>\n\n\n\n<h3 class=\"wp-block-heading\">Qui collecte les donn\u00e9es<\/h3>\n\n\n\n<p>Les donn\u00e9es peuvent \u00eatre collect\u00e9es par diff\u00e9rentes entit\u00e9s, au sein de notre groupe mondial, en fonction de votre interaction avec nous. Veuillez contacter la zone la plus proche du lieu de l&#8217;interaction, du service ou du produit utilis\u00e9 dans un premier temps. Si le Responsable R\u00e9gional de la Protection des Donn\u00e9es n&#8217;est pas en mesure de satisfaire votre demande, nous la transmettrons internement au Responsable R\u00e9gional de la Protection des Donn\u00e9es le plus appropri\u00e9. Veuillez contacter le Responsable de la Protection des Donn\u00e9es du Groupe, en tant que point d&#8217;escalade, ou pour toute autre question.<br><br><strong>Toutes les entit\u00e9s en Asie et le<\/strong> <em>Responsable de la Protection des Donn\u00e9es<\/em> <strong>du Groupe<\/strong> Minor International PLC est une soci\u00e9t\u00e9 internationale qui op\u00e8re dans le domaine de l&#8217;h\u00f4tellerie, dont le si\u00e8ge est situ\u00e9 \u00e0 Berli Jucker House, 99 Soi Rubia, Sukhumvit 42 Rd, Bangkok 10110, Thailand.<\/p>\n\n\n\n<p>Le Responsable de la Protection des Donn\u00e9es de notre soci\u00e9t\u00e9 s&#8217;appelle Marcos Cadena, que vous pourrez joindre par les moyens suivants:<\/p>\n\n\n\n<ol class=\"wp-block-list\"><li>Adresse e-mail : <a href=\"mailto:privacy.corporate@minor.com\">privacy.corporate@minor.com<\/a><\/li><li>Adresse postale : Berli Jucker House, 99 Soi Rubia, Sukhumvit 42 Rd, Bangkok 10110, Thailand<\/li><\/ol>\n\n\n\n<p><strong>Minor Hotels au Portugal<br><\/strong>La personne charg\u00e9e de la Protection des Donn\u00e9es s&#8217;appelle Filipa Jordao (<em>Responsable de la Protection des Donn\u00e9es<\/em>), que vous pourrez joindre par les moyens suivants :<\/p>\n\n\n\n<ol class=\"wp-block-list\"><li>Adresse e-mail :&nbsp;<a href=\"mailto:dpo.mhpt@minorhotels.com\">dpo.mhpt@minorhotels.com<\/a><\/li><li>Adresse postale : Rua Barata Salgueiro 37, \u2013 1o andar 1250-042 Lisboa, Portugal<\/li><\/ol>\n\n\n\n<p><strong>Oaks Hotels et toutes nos entit\u00e9s en Australie<\/strong><br>La personne charg\u00e9e de la Protection des Donn\u00e9es s&#8217;appelle Romesh Niles (<em>Responsable de la Protection des Donn\u00e9es<\/em>), que vous pourrez joindre par les moyens suivants :<\/p>\n\n\n\n<ol class=\"wp-block-list\"><li>Adresse e-mail : <a href=\"mailto:Privacy.corporate@minorhotels.com.au\">Privacy.corporate@minor.com<\/a><\/li><li>Adresse postale : PO Box 473, Cotton Tree, QLD 4558<\/li><\/ol>\n\n\n\n<div style=\"height:30px\" aria-hidden=\"true\" class=\"wp-block-spacer\"><\/div>\n\n\n\n<h3 class=\"wp-block-heading\">Comment utiliserons-nous ces informations<\/h3>\n\n\n\n<p>Nous utiliserons ces informations dans les cas suivants :<\/p>\n\n\n\n<ul class=\"wp-block-list\"><li>L&#8217;ex\u00e9cution de nos obligations quant au service client : la gestion des r\u00e9servations et de votre s\u00e9jour dans nos propri\u00e9t\u00e9s, le paiement, les demandes de restauration, le contr\u00f4le de l&#8217;utilisation des services (t\u00e9l\u00e9phone, bar, t\u00e9l\u00e9vision payante, etc.), en r\u00e9ponse \u00e0 une relation contractuelle entre vous et nous, telle qu&#8217;une r\u00e9servation d&#8217;h\u00f4tel ou une demande de service.<\/li><li>L&#8217;am\u00e9lioration de nos services : \u00e9valuation de nos services dans les h\u00f4tels, les restaurants, et dans d&#8217;autres pointes de vente, l&#8217;am\u00e9lioration dans l&#8217;exploitation de notre activit\u00e9, dans le cadre de la relation contractuelle entre vous et nous.<\/li><li>Personnalisation de nos services et communications : personnaliser les contenus et adapter l&#8217;exp\u00e9rience num\u00e9rique de nos clients, ainsi que les offres pouvant les int\u00e9resser, comprendre les besoins des clients pour lancer des campagnes marketing cibl\u00e9es, des bulletins d&#8217;information, ainsi que des campagnes promotionnelles. Nous chercherons toujours \u00e0 obtenir et \u00e0 enregistrer votre permission pour s\u2019inscrire et participer \u00e0 toutes nos campagnes marketing. L&#8217;utilisation de vos donn\u00e9es \u00e0 des fins de marketing est pr\u00e9sent\u00e9e de mani\u00e8re plus d\u00e9taill\u00e9e, \u00e0 la section Marketing ci-dessous. La personnalisation de notre site web, en fonction de vos pr\u00e9f\u00e9rences, est \u00e9tablie \u00e0 la section Cookies qui se trouve \u00e0 la fin de cette Politique.<\/li><li>Le recrutement : le recrutement de personnel ou de stagiaires au Minor Group. Lorsque vous nous envoyez vos donn\u00e9es, pour avoir postuler \u00e0 un poste au Minor Group, vous nous autorisez \u00e0 traiter vos donn\u00e9es dans le cadre du processus de recrutement.<\/li><li>Le respect des obligations l\u00e9gales : le respect des lois applicables, telles que les lois sur la protection de la vie priv\u00e9e, la pr\u00e9vention de fraudes ou le blanchissement d&#8217;argent, les enqu\u00eates polici\u00e8res et les r\u00e9glementations relatives au secteur du tourisme.<\/li><\/ul>\n\n\n\n<div style=\"height:30px\" aria-hidden=\"true\" class=\"wp-block-spacer\"><\/div>\n\n\n\n<h3 class=\"wp-block-heading\">Marketing<\/h3>\n\n\n\n<p>Nous aimerions vous envoyer des informations sur nos nouveaux produits et services, ainsi que sur les nouveaux produits et les nouveaux services d&#8217;entreprises li\u00e9es \u00e0 notre Groupe, qui pourraient vous int\u00e9resser. Si vous avez consenti \u00e0 recevoir de la publicit\u00e9, vous pourrez toujours y renoncer plus tard. Vous pouvez, \u00e0 tout moment, nous demander d&#8217;arr\u00eater de vous contacter \u00e0 des fins de marketing.<\/p>\n\n\n\n<p>Chaque courriel contient un lien, permettant de vous d\u00e9sabonner facilement de nos services. Si vous ne souhaitez plus \u00eatre contact\u00e9 \u00e0 des fins de marketing, vous pouvez vous d\u00e9sabonner \u00e0 tout moment.<\/p>\n\n\n\n<div style=\"height:30px\" aria-hidden=\"true\" class=\"wp-block-spacer\"><\/div>\n\n\n\n<h3 class=\"wp-block-heading\">Comment sont stock\u00e9es les donn\u00e9es et avec qui sont- elles partag\u00e9es<\/h3>\n\n\n\n<p>Les donn\u00e9es sont enregistr\u00e9es sur papier et dans les syst\u00e8mes informatiques. Notre Politique de Conservation de Donn\u00e9es \u00e9tablit o\u00f9 ces donn\u00e9es sont stock\u00e9es pour les fins susmentionn\u00e9es.<\/p>\n\n\n\n<p>Les donn\u00e9es peuvent r\u00e9sider sur des syst\u00e8mes informatiques partag\u00e9s avec l&#8217;une des entreprises du groupe, pouvant acc\u00e9der aux donn\u00e9es pour les fins susmentionn\u00e9es.<\/p>\n\n\n\n<p>En tant qu&#8217;entreprise h\u00f4teli\u00e8re mondiale, nous pouvons transf\u00e9rer vos Donn\u00e9es \u00e0 Caract\u00e8re Personnel \u00e0 travers plusieurs juridictions, dans la mesure que ce soit raisonnablement n\u00e9cessaire pour ces fins. Conform\u00e9ment \u00e0 cette Politique de Confidentialit\u00e9, vos Donn\u00e9es \u00e0 Caract\u00e8re Personnel peuvent \u00eatre transf\u00e9r\u00e9es dans les lieux suivants :<\/p>\n\n\n\n<ul class=\"wp-block-list\"><li>Les pays o\u00f9 se situent les bureaux de notre si\u00e8ge social ;<\/li><li>Les pays o\u00f9 nous exploitons et nous g\u00e9rons des h\u00f4tels, r\u00e9sidences, et\/ou bureaux de vente ; et<\/li><li>Les pays o\u00f9 se situent nos fournisseurs de services tiers, conseillers et consultants, qui changent de temps en temps.<\/li><\/ul>\n\n\n\n<p>Lorsque les Donn\u00e9es \u00e0 Caract\u00e8re Personnel sont transf\u00e9r\u00e9es \u00e0 un pays, offrant un niveau de protection de donn\u00e9es inf\u00e9rieur \u00e0 celui du pays o\u00f9 les donn\u00e9es ont \u00e9t\u00e9 collect\u00e9es, Minor Group transf\u00e9rera les donn\u00e9es \u00e0 l&#8217;\u00e9tranger uniquement si les mesures de protection appropri\u00e9es sont mises en place, et si les droits de la personne concern\u00e9e applicables et les recours juridiques effectifs sont mis \u00e0 disposition aux personnes concern\u00e9es.<\/p>\n\n\n\n<p>Nous partagerons seulement vos donn\u00e9es avec d&#8217;autres entit\u00e9s au sein de notre groupe ou avec des soci\u00e9t\u00e9s tierces lorsque :<\/p>\n\n\n\n<ul class=\"wp-block-list\"><li>Vous nous autorisez \u00e0 partager ces donn\u00e9es avec des soci\u00e9t\u00e9s tierces, afin qu&#8217;elles vous envoient du mat\u00e9riel de marketing.<\/li><li>Il est n\u00e9cessaire de partager vos donn\u00e9es avec d&#8217;autres entit\u00e9s au sein de notre groupe ou avec des soci\u00e9t\u00e9s tierces, tels que nos fournisseurs, afin que nous puissions fournir les services que vous nous avez demand\u00e9s.<\/li><\/ul>\n\n\n\n<p>Sans pr\u00e9judice des communications effectu\u00e9es pour le respect des obligations l\u00e9gales ou contractuelles, les donn\u00e9es peuvent \u00eatre divulgu\u00e9es \u00e0 des tiers dans la mesure o\u00f9 les lois ou les r\u00e9glementations ainsi l&#8217;exigent (par exemple, une cour, un tribunal, une autorit\u00e9 r\u00e9glementaire ou une entit\u00e9 publique).<\/p>\n\n\n\n<p>Lorsque nous partageons vos donn\u00e9es avec d&#8217;autres entit\u00e9s au sein de notre groupe ou avec des soci\u00e9t\u00e9s tierces sous-traitantes, nous prendrons toutes les mesures justifi\u00e9es pour prot\u00e9ger vos donn\u00e9es et votre vie priv\u00e9e, en conformit\u00e9 avec les obligations l\u00e9gales applicables.<\/p>\n\n\n\n<p>La p\u00e9riode de conservation de vos donn\u00e9es, document\u00e9e dans notre politique de conservation de donn\u00e9es, est \u00e9tablie d&#8217;apr\u00e8s les crit\u00e8res suivants :<\/p>\n\n\n\n<ul class=\"wp-block-list\"><li>Les besoins commerciaux raisonnables : aussi longtemps que nous vous fournissons des produits et des services, ou que nous g\u00e9rons notre relation avec vous, ou que nous g\u00e9rons nos op\u00e9rations ; et\/ou<\/li><li>Les p\u00e9riodes l\u00e9gales raisonnables : aussi longtemps que quelqu&#8217;un d\u00e9pose une plainte contre nous ou aussi longtemps que nous devons respecter nos obligations l\u00e9gales et fiscales ; et\/ou<\/li><li>D&#8217;autres p\u00e9riodes de conservation, en conformit\u00e9 avec les exigences et les conseils l\u00e9gaux et r\u00e9glementaires.<\/li><\/ul>\n\n\n\n<p>Minor Group respectera la dur\u00e9e l\u00e9gale requise dans chaque juridiction, concernant la conservation de vos donn\u00e9es \u00e0 caract\u00e8re personnel.<\/p>\n\n\n\n<div style=\"height:30px\" aria-hidden=\"true\" class=\"wp-block-spacer\"><\/div>\n\n\n\n<h3 class=\"wp-block-heading\">Violation des donn\u00e9es<\/h3>\n\n\n\n<p>S&#8217;il y a une violation de la confidentialit\u00e9, l&#8217;int\u00e9grit\u00e9 ou la disponibilit\u00e9 des renseignements personnels, Minor Group r\u00e9pondra aux exigences de la l\u00e9gislation applicable dans les zones affect\u00e9es, y compris le RGPD et la l\u00e9gislation locale.<\/p>\n\n\n\n<p>Notre action doit \u00eatre \u00e0 la hauteur du degr\u00e9 de pr\u00e9judice li\u00e9 \u00e0 l&#8217;exposition, aux dispositions l\u00e9gislatives et r\u00e9glementaires. Cela implique vous en informer et informer l&#8217;autorit\u00e9 comp\u00e9tente en mati\u00e8re de contr\u00f4le de la protection des donn\u00e9es, pour communiquer le suivant :<\/p>\n\n\n\n<ul class=\"wp-block-list\"><li>La description de ce qui s&#8217;est pass\u00e9 ;<\/li><li>Toutes sortes d&#8217;informations concern\u00e9es ; et<\/li><li>Les mesures que vous devez prendre, en r\u00e9ponse \u00e0 la violation des donn\u00e9es.<\/li><\/ul>\n\n\n\n<p>Pour d\u00e9terminer si la violation des donn\u00e9es peut occasionner un risque \u00e9lev\u00e9 aux droits et aux libert\u00e9s de la personne concern\u00e9e, nous consid\u00e9rerons des facteurs, tels que la sensibilit\u00e9 des informations, le type de personnes qui pourrait obtenir ces informations et la nature du pr\u00e9judice caus\u00e9.<\/p>\n\n\n\n<p>Dans tous les cas o\u00f9 nous aurons connaissance d&#8217;une violation des donn\u00e9es mais sans \u00eatre certains des circonstances, nous proc\u00e9derons \u00e0 une appr\u00e9ciation diligente des circonstances afin de d\u00e9terminer le niveau de notification n\u00e9cessaire pour les l\u00e9gislateurs pertinents, dans le d\u00e9lai prescrit par les r\u00e9glementations applicables et ainsi garantir que tout incident soit ma\u00eetris\u00e9 le plus rapidement possible et dans un d\u00e9lai raisonnable, selon les circonstances indiqu\u00e9es.<\/p>\n\n\n\n<div style=\"height:30px\" aria-hidden=\"true\" class=\"wp-block-spacer\"><\/div>\n\n\n\n<h3 class=\"wp-block-heading\">Vos droits et comment les exercer<\/h3>\n\n\n\n<p>Vous avez le droit de d\u00e9cider comment nous devons utiliser vos donn\u00e9es et de vous opposer, \u00e0 tout moment, aux fins du traitement des donn\u00e9es. Vous avez le droit de retirer votre consentement \u00e0 tout moment, sans nuire \u00e0 la lic\u00e9it\u00e9 du traitement des donn\u00e9es sur la base du consentement jusqu&#8217;au moment de la r\u00e9traction.<\/p>\n\n\n\n<p>Nous vous rappelons que vous avez le droit de nous demander l&#8217;acc\u00e8s, la rectification et l&#8217;effacement des donn\u00e9es \u00e0 caract\u00e8re personnel. Vous pouvez \u00e9galement demander la restriction du traitement, ou vous opposez au traitement de vos donn\u00e9es soumises aux restrictions du syst\u00e8me juridique local.<\/p>\n\n\n\n<p>Tamb\u00e9m tem direito a receber os dados pessoais que nos tiver facultado, num formato estruturado, de uso corrente e de leitura autom\u00e1tica e ter\u00e1 <\/p>\n\n\n\n<p>Vous avez \u00e9galement le droit de recevoir vos donn\u00e9es \u00e0 caract\u00e8re personnel, que vous nous avez fourni, dans un format structur\u00e9, lisible par une machine et couramment utilis\u00e9. Vous avez \u00e9galement le droit de transmettre ces donn\u00e9es \u00e0 un autre contr\u00f4leur de donn\u00e9es sans entraves de notre part. En exer\u00e7ant votre droit de portabilit\u00e9 des donn\u00e9es, vous avez le droit que vos donn\u00e9es \u00e0 caract\u00e8re personnel soient transmises directement d&#8217;un contr\u00f4leur de donn\u00e9es \u00e0 un autre, devant \u00eatre techniquement accessibles.<\/p>\n\n\n\n<p>Em determinadas circunst\u00e2ncias, quando a lei aplic\u00e1vel o permitir, ter\u00e1 <\/p>\n\n\n\n<p>Dans certaines circonstances, lorsque la loi applicable le permet, vous avez le droit de d\u00e9poser une plainte aupr\u00e8s de l&#8217;autorit\u00e9 comp\u00e9tente en mati\u00e8re de contr\u00f4le de la protection des donn\u00e9es.<\/p>\n\n\n\n<p>Vous pouvez nous contacter \u00e0 <a href=\"mailto:privacy.corporate@minor.com\">privacy.corporate@minor.com<\/a> pour exercer vos droits. Il convient de noter que nous pouvons vous demander de prouver votre identit\u00e9 avant toute modification.<br><\/p>\n\n\n\n<div style=\"height:30px\" aria-hidden=\"true\" class=\"wp-block-spacer\"><\/div>\n\n\n\n<h3 class=\"wp-block-heading\">Cookies<\/h3>\n\n\n\n<p>Nous utilisons des cookies (de petits fichiers de texte stock\u00e9s dans votre navigateur) et d&#8217;autres techniques, telles que des balises web (de petits fichiers d&#8217;image pr\u00e9cis, utilis\u00e9s pour suivre vos mouvements sur notre site web). Ils permettent de collecter des informations qui nous apprennent comment vous utilisez notre site web et les services internet associ\u00e9s. Nous les utilisons pour \u00e9laborer des rapports statistiques sur l&#8217;activit\u00e9 du site web.<\/p>\n\n\n\n<p>Cela nous aide \u00e0 adapter notre site web \u00e0 vos besoins et \u00e0 vos int\u00e9r\u00eats. Nous pouvons utiliser des cookies permanents (un cookie qui reste li\u00e9 \u00e0 votre navigateur), pour enregistrer vos d\u00e9tails et nous permettre de vous reconna\u00eetre si vous acc\u00e9dez de nouveau \u00e0 notre site web.<\/p>\n\n\n\n<p>Vous pouvez refuser les cookies, ou bien vous pouvez configurer votre navigateur pour vous informer \u00e0 chaque fois qu\u2019un site web essaye de placer un cookie. Pour plus de renseignements sur les cookies, veuillez<br>visiter <a href=\"http:\/\/www.aboutcookies.org\">www.aboutcookies.org<\/a> ou <a href=\"http:\/\/www.allaboutcookies.org\">www.allaboutcookies.org<\/a>, o\u00f9 vous trouverez \u00e9galement des informations pour les d\u00e9sactiver.<\/p>\n\n\n\n<p>Sur notre site web, nous utilisons les cookies suivants :Les Cookies Strictement N\u00e9cessaires : Ces cookies sont essentiels puisqu&#8217;ils vous permettent de naviguer sur le Site et d&#8217;utiliser ses fonctionnalit\u00e9s, telles que se connecter et acc\u00e9der \u00e0 des espaces s\u00e9curis\u00e9s.<\/p>\n\n\n\n<p>Les Cookies Publicitaires : Ces cookies sont utilis\u00e9s pour rendre les messages publicitaires plus pertinents \u00e0 vos yeux. Ils ex\u00e9cutent des fonctions, comme emp\u00eacher les m\u00eames annonces publicitaires de r\u00e9appara\u00eetre constamment, garantir que les annonces s&#8217;affichent correctement, et parfois s\u00e9lectionner les annonces publicitaires en fonction de vos int\u00e9r\u00eats.<\/p>\n\n\n\n<p>Les Cookies Analytiques : Ces cookies collectent des informations qui sont utilis\u00e9es, soit sous une forme agr\u00e9g\u00e9e pour nous aider \u00e0 comprendre comment les sites web de Minor Group sont utilis\u00e9s ou conna\u00eetre l&#8217;efficacit\u00e9 de nos campagnes de marketing, ou bien, nous aider \u00e0 personnaliser nos sites web pour vous. Ces informations vont \u00e9galement \u00eatre utilis\u00e9es pour \u00e9valuer votre utilisation du site web de Minor Group, \u00e9laborer des rapports sur l&#8217;activit\u00e9 du site web de Minor Group pour les op\u00e9rateurs du site web de Minor Group et leur fournir d&#8217;autres services li\u00e9s \u00e0 l&#8217;activit\u00e9 du site web de Minor Group et de l&#8217;utilisation de l&#8217;internet.<\/p>\n\n\n\n<p>Si vous souhaitez bloquer les cookies, visitez les sites web suivants :<\/p>\n\n\n\n<ul class=\"wp-block-list\"><li>Google AdWords \u2013 <a href=\"http:\/\/www.google.com\/settings\/ads\">http:\/\/www.google.com\/settings\/ads<\/a><\/li><li>Pixel Facebook Ads \u2013 Vous pouvez d\u00e9sactiver n&#8217;importe lequel de ces cookies ou des technologies similaires \u00e0 travers les param\u00e8tres de votre navigateur.<\/li><li>Twitter Ads \u2013 Vous pouvez d\u00e9sactiver les annonces personnalis\u00e9es \u00e0 travers les param\u00e8tres de Twitter, en acc\u00e9dant aux sections \u00ab Contenu promotionnel \u00bb et \u00ab Personnalisation \u00bb.<\/li><li>Google Analytics \u2013 Vous pouvez d\u00e9sactiver n&#8217;importe lequel de ces cookies \u00e0 travers les param\u00e8tres de votre navigateur ou bien en t\u00e9l\u00e9chargeant une extension du navigateur : <a href=\"https:\/\/tools.google.com\/dlpage\/gaoptout?hl=de\">https:\/\/tools.google.com\/dlpage\/gaoptout?hl=fr<\/a>.<\/li><\/ul>\n\n\n\n<p>Vous pouvez d\u00e9sactiver n&#8217;importe lequel de ces cookies \u00e0 travers les param\u00e8tres de votre navigateur.<\/p>\n\n\n\n<div style=\"height:30px\" aria-hidden=\"true\" class=\"wp-block-spacer\"><\/div>\n\n\n\n<h3 class=\"wp-block-heading\">Autre sites web<\/h3>\n\n\n\n<p>Cette Politique de Confidentialit\u00e9 s&#8217;applique uniquement \u00e0 ce site web, qui contient des liens vers d&#8217;autres sites internet. Si vous acc\u00e9dez aux sites web, \u00e0 travers les liens, nous vous recommandons de lire les politiques de confidentialit\u00e9 propres \u00e0 ces sites internet.<\/p>\n","protected":false},"excerpt":{"rendered":"<p>Votre Vie Priv\u00e9e Nous Tient \u00e0 Coeur Minor International PCL, ainsi que ses filiales Minor International PCL et ses filiales (\u00ab Minor Group \u00bb, \u00ab nous \u00bb ou \u00ab la Soci\u00e9t\u00e9 \u00bb) (le \u00ab Contr\u00f4leur des Donn\u00e9es \u00bb), est une soci\u00e9t\u00e9 internationale ax\u00e9e sur trois activit\u00e9s principales, telles que la restauration, l&#8217;h\u00f4tellerie et la distribution [&hellip;]<\/p>\n","protected":false},"author":1,"featured_media":68,"parent":0,"menu_order":0,"comment_status":"closed","ping_status":"closed","template":"","meta":{"_acf_changed":false,"om_disable_all_campaigns":false,"inline_featured_image":false,"footnotes":""},"class_list":["post-2161","page","type-page","status-publish","has-post-thumbnail","hentry","page-entry"],"acf":[],"aioseo_notices":[],"_links":{"self":[{"href":"https:\/\/www.centrocongressosalgarve.com\/fr\/wp-json\/wp\/v2\/pages\/2161","targetHints":{"allow":["GET"]}}],"collection":[{"href":"https:\/\/www.centrocongressosalgarve.com\/fr\/wp-json\/wp\/v2\/pages"}],"about":[{"href":"https:\/\/www.centrocongressosalgarve.com\/fr\/wp-json\/wp\/v2\/types\/page"}],"author":[{"embeddable":true,"href":"https:\/\/www.centrocongressosalgarve.com\/fr\/wp-json\/wp\/v2\/users\/1"}],"replies":[{"embeddable":true,"href":"https:\/\/www.centrocongressosalgarve.com\/fr\/wp-json\/wp\/v2\/comments?post=2161"}],"version-history":[{"count":5,"href":"https:\/\/www.centrocongressosalgarve.com\/fr\/wp-json\/wp\/v2\/pages\/2161\/revisions"}],"predecessor-version":[{"id":3299,"href":"https:\/\/www.centrocongressosalgarve.com\/fr\/wp-json\/wp\/v2\/pages\/2161\/revisions\/3299"}],"wp:featuredmedia":[{"embeddable":true,"href":"https:\/\/www.centrocongressosalgarve.com\/fr\/wp-json\/wp\/v2\/media\/68"}],"wp:attachment":[{"href":"https:\/\/www.centrocongressosalgarve.com\/fr\/wp-json\/wp\/v2\/media?parent=2161"}],"curies":[{"name":"wp","href":"https:\/\/api.w.org\/{rel}","templated":true}]}}