{"id":3256,"date":"2022-05-20T18:31:35","date_gmt":"2022-05-20T18:31:35","guid":{"rendered":"https:\/\/centrocongressosalgarve.com\/accommodation\/"},"modified":"2025-07-08T14:25:10","modified_gmt":"2025-07-08T14:25:10","slug":"accommodation","status":"publish","type":"page","link":"https:\/\/www.centrocongressosalgarve.com\/fr\/accommodation\/","title":{"rendered":"H\u00e9bergement"},"content":{"rendered":"\n<p>Compl\u00e9tez votre \u00e9v\u00e8nement avec un s\u00e9jour inoubliable et b\u00e9n\u00e9ficiez d\u2019une vaste gamme d\u2019options d\u2019h\u00e9bergement \u00e0 Vilamoura, avec plus de 3000 chambres dans des \u00e9tablissements de 4 et 5 \u00e9toiles.<\/p>\n\n\n\n<p>Pour une plus grande proximit\u00e9 avec la Marina de Vilamoura et la plage, d\u00e9couvrez le Tivoli Marina Vilamoura avec 383 chambres haut de gamme, et reconnu comme \u00ab Meilleur H\u00f4tel MICE 2025 \u00bb par les Portugal Travel Awards by Publituris.<\/p>\n\n\n\n<div class=\"wp-block-columns is-layout-flex wp-container-core-columns-is-layout-9d6595d7 wp-block-columns-is-layout-flex\">\n<div class=\"wp-block-column is-layout-flow wp-block-column-is-layout-flow\">\n<figure class=\"wp-block-image size-medium is-resized\"><img loading=\"lazy\" decoding=\"async\" width=\"300\" height=\"136\" src=\"https:\/\/www.centrocongressosalgarve.com\/files\/uploads\/2025\/07\/best-mice-hotel-2025-300x136.png\" alt=\"\" class=\"wp-image-4609\" style=\"width:235px;height:auto\" srcset=\"https:\/\/www.centrocongressosalgarve.com\/files\/uploads\/2025\/07\/best-mice-hotel-2025-300x136.png 300w, https:\/\/www.centrocongressosalgarve.com\/files\/uploads\/2025\/07\/best-mice-hotel-2025-1024x464.png 1024w, https:\/\/www.centrocongressosalgarve.com\/files\/uploads\/2025\/07\/best-mice-hotel-2025-768x348.png 768w, https:\/\/www.centrocongressosalgarve.com\/files\/uploads\/2025\/07\/best-mice-hotel-2025-1536x696.png 1536w, https:\/\/www.centrocongressosalgarve.com\/files\/uploads\/2025\/07\/best-mice-hotel-2025-2048x929.png 2048w\" sizes=\"auto, (max-width: 300px) 100vw, 300px\" \/><\/figure>\n<\/div>\n\n\n\n<div class=\"wp-block-column is-layout-flow wp-block-column-is-layout-flow\"><\/div>\n<\/div>\n\n\n\n<div style=\"height:80px\" aria-hidden=\"true\" class=\"wp-block-spacer\"><\/div>\n","protected":false},"excerpt":{"rendered":"<p>Compl\u00e9tez votre \u00e9v\u00e8nement avec un s\u00e9jour inoubliable et b\u00e9n\u00e9ficiez d\u2019une vaste gamme d\u2019options d\u2019h\u00e9bergement \u00e0 Vilamoura, avec plus de 3000 chambres dans des \u00e9tablissements de 4 et 5 \u00e9toiles. Pour une plus grande proximit\u00e9 avec la Marina de Vilamoura et la plage, d\u00e9couvrez le Tivoli Marina Vilamoura avec 383 chambres haut de gamme, et reconnu [&hellip;]<\/p>\n","protected":false},"author":1,"featured_media":0,"parent":0,"menu_order":0,"comment_status":"closed","ping_status":"closed","template":"templates\/accommodation.php","meta":{"_acf_changed":false,"om_disable_all_campaigns":false,"inline_featured_image":false,"footnotes":""},"class_list":["post-3256","page","type-page","status-publish","hentry","page-entry"],"acf":[],"aioseo_notices":[],"_links":{"self":[{"href":"https:\/\/www.centrocongressosalgarve.com\/fr\/wp-json\/wp\/v2\/pages\/3256","targetHints":{"allow":["GET"]}}],"collection":[{"href":"https:\/\/www.centrocongressosalgarve.com\/fr\/wp-json\/wp\/v2\/pages"}],"about":[{"href":"https:\/\/www.centrocongressosalgarve.com\/fr\/wp-json\/wp\/v2\/types\/page"}],"author":[{"embeddable":true,"href":"https:\/\/www.centrocongressosalgarve.com\/fr\/wp-json\/wp\/v2\/users\/1"}],"replies":[{"embeddable":true,"href":"https:\/\/www.centrocongressosalgarve.com\/fr\/wp-json\/wp\/v2\/comments?post=3256"}],"version-history":[{"count":3,"href":"https:\/\/www.centrocongressosalgarve.com\/fr\/wp-json\/wp\/v2\/pages\/3256\/revisions"}],"predecessor-version":[{"id":4616,"href":"https:\/\/www.centrocongressosalgarve.com\/fr\/wp-json\/wp\/v2\/pages\/3256\/revisions\/4616"}],"wp:attachment":[{"href":"https:\/\/www.centrocongressosalgarve.com\/fr\/wp-json\/wp\/v2\/media?parent=3256"}],"curies":[{"name":"wp","href":"https:\/\/api.w.org\/{rel}","templated":true}]}}