{"id":1106,"date":"2018-10-15T15:19:24","date_gmt":"2018-10-15T15:19:24","guid":{"rendered":"https:\/\/www.centrocongressosalgarve.com\/privacy-policy\/"},"modified":"2022-06-02T15:29:09","modified_gmt":"2022-06-02T15:29:09","slug":"politica-de-privacidade","status":"publish","type":"page","link":"https:\/\/www.centrocongressosalgarve.com\/pt-pt\/politica-de-privacidade\/","title":{"rendered":"Pol\u00edtica de Privacidade"},"content":{"rendered":"\n<h2 class=\"wp-block-heading\">Privacidade e Termos de Utiliza\u00e7\u00e3o<\/h2>\n\n\n\n<p>A Minor International PCL e as suas subsidi\u00e1rias (&#8220;Minor Group&#8221;, &#8220;n\u00f3s&#8221; ou &#8220;a Empresa&#8221;) (o &#8220;Respons\u00e1vel pelo Tratamento&#8221;) formam uma empresa global centrada em tr\u00eas principais \u00e1reas de neg\u00f3cio , incluindo restaura\u00e7\u00e3o, hot\u00e9is e distribui\u00e7\u00e3o de marcas de retalho. Compreendemos e respeitamos a import\u00e2ncia da sua privacidade e de seguida esclarecemos:<\/p>\n\n\n\n<ul class=\"wp-block-list\"><li>Qual a informa\u00e7\u00e3o pessoal que recolhemos acerca do utilizador;<\/li><li> Quem recolhe os dados;<\/li><li> Como utilizamos esta informa\u00e7\u00e3o;<\/li><li> Marketing;<\/li><li> Como s\u00e3o conservados os dados e com quem poder\u00e3o ser partilhados;<\/li><li> Quais os seus direitos e como poder\u00e1 exerc\u00ea-los;<\/li><li> Cookies;<\/li><li> Outros websites.<\/li><\/ul>\n\n\n\n<p>Poderemos alterar periodicamente a presente Politica de Privacidade, de forma a refletir altera\u00e7\u00f5es legais e\/ou pr\u00e1ticas comerciais. Recomendamos que consulte a presente Politica relativamente a poss\u00edveis altera\u00e7\u00f5es sempre que visitar o nosso website.<\/p>\n\n\n\n<div style=\"height:30px\" aria-hidden=\"true\" class=\"wp-block-spacer\"><\/div>\n\n\n\n<h3 class=\"wp-block-heading\">Qual a informa\u00e7\u00e3o pessoal que recolhemos acerca do utilizador<\/h3>\n\n\n\n<p>Para as finalidades mencionadas no par\u00e1grafo seguinte &#8220;Por que motivo est\u00e3o a ser recolhidos&#8221;, recolhemos as seguintes categorias de dados pessoais quando o utilizador se regista no nosso website, participa nos nossos inqu\u00e9ritos ou subscreve as nossas newsletters, alertas ou utiliza alguns dos nossos produtos ou servi\u00e7os:<\/p>\n\n\n\n<ul class=\"wp-block-list\"><li>Informa\u00e7\u00e3o pessoal: nome, g\u00e9nero, nacionalidade, data de nascimento e nomes dos membros da fam\u00edlia e respetivas datas de nascimento e nacionalidade, etc;<\/li><li> Informa\u00e7\u00e3o relacionada com prefer\u00eancias: informa\u00e7\u00e3o relacionada como o servi\u00e7o que est\u00e1 a ser reservado;<\/li><li> Informa\u00e7\u00e3o de contacto: morada, n\u00famero de telefone, endere\u00e7o de email, etc;<\/li><li> Informa\u00e7\u00e3o sobre pagamento: detalhes do cart\u00e3o de cr\u00e9dito, morada de fatura\u00e7\u00e3o e outras informa\u00e7\u00f5es sobre pagamentos e fatura\u00e7\u00e3o;<\/li><li> Programa de fideliza\u00e7\u00e3o e de refer\u00eancia: detalhes e afilia\u00e7\u00e3o em programas de parceiros, marketing e dados anal\u00edticos;<\/li><li> Informa\u00e7\u00e3o sobre o alojamento: datas de chegada e de partida dos nossos hot\u00e9is, localiza\u00e7\u00e3o do quarto, quarto para fumadores\/n\u00e3o fumadores, tipo de quarto e pedidos de camas, prefer\u00eancia de jornal, etc;<\/li><li> Coment\u00e1rios: registos do seu contacto connosco, nomeadamente por telefone, ou se recorrer aos nossos servi\u00e7os online. detalhes como sejam os dados de localiza\u00e7\u00e3o do seu telem\u00f3vel, endere\u00e7o de IP e MAC, incluindo hist\u00f3rico de quaisquer comunica\u00e7\u00f5es e an\u00e1lise da sua intera\u00e7\u00e3o connosco, que nos permita personalizar ofertas e prestar informa\u00e7\u00e3o que consideramos ser relevante para o utilizador;<\/li><li> Informa\u00e7\u00e3o t\u00e9cnica: Endere\u00e7o de IP, dados geogr\u00e1ficos, browser e sistema inform\u00e1tico, vers\u00e3o da aplica\u00e7\u00e3o, defini\u00e7\u00f5es de idioma e p\u00e1ginas que lhe foram exibidas, etc. <\/li><li> Informa\u00e7\u00e3o profissional: Caso se esteja a candidatar a uma fun\u00e7\u00e3o no Minor Group, para al\u00e9m da informa\u00e7\u00e3o acima mencionada poderemos recolher informa\u00e7\u00e3o relativa \u00e0 sua forma\u00e7\u00e3o acad\u00e9mica, profissional e registos de empregos anteriores.<\/li><\/ul>\n\n\n\n<p>Tamb\u00e9m limitamos a informa\u00e7\u00e3o recolhida referente a crian\u00e7as e jovens menores de 18 anos, ao seu nome, nacionalidade e data de nascimento, os quais apenas nos podem ser fornecidos por um adulto que seja pai, m\u00e3e ou tutor do menor ou que tenha autoriza\u00e7\u00e3o dos pais ou do tutor. Pedimos aos pais que assegurem que as crian\u00e7as n\u00e3o nos enviam ou fornecem quaisquer Dados Pessoais sem consentimento dos pais, e nos casos em que essa informa\u00e7\u00e3o tiver sido enviada agradecemos que entre em contacto connosco e procederemos \u00e1 elimina\u00e7\u00e3o dessa informa\u00e7\u00e3o. <\/p>\n\n\n\n<p>Tamb\u00e9m recolhemos informa\u00e7\u00e3o acerca da utiliza\u00e7\u00e3o do nosso <em>website<\/em> atrav\u00e9s da utiliza\u00e7\u00e3o de <em>cookies<\/em> (ver infra). <\/p>\n\n\n\n<div style=\"height:30px\" aria-hidden=\"true\" class=\"wp-block-spacer\"><\/div>\n\n\n\n<h3 class=\"wp-block-heading\">Quem recolhe os dados<\/h3>\n\n\n\n<p>Os dados poder\u00e3o ser recolhidos por diversas entidades dentro do nosso grupo globalmente, em fun\u00e7\u00e3o da intera\u00e7\u00e3o do utilizador connosco. Agradecemos que o mesmo contacte em primeiro lugar a regi\u00e3o mais pr\u00f3xima do local de intera\u00e7\u00e3o, servi\u00e7o utilizado ou produto consumido. Se o Head of Data Privacy (Respons\u00e1vel pela Privacidade de Dados) regional n\u00e3o conseguir satisfazer o seu pedido, o mesmo ser\u00e1 por n\u00f3s encaminhado internamente para o Head of Data Privacy mais habilitado. Agradecemos que como ponto de partida e\/ou para qualquer quest\u00e3o contacte o Head of Data Privacy do Grupo.<\/p>\n\n\n\n<p><strong>Todas as entidades na \u00c1sia e o&nbsp;<em>Head of Data Privacy<\/em>&nbsp;do Grupo<\/strong><br>Minor International PCL \u00e9 uma empresa internacional na \u00e1rea da hospitalidade com sede registada em Berli Jucker House, 99 Soi Rubia, Sukhumvit 42 Rd, Bangkok 10110, Thailand.<\/p>\n\n\n\n<p> O <em>Head of Data Privacy<\/em> da nossa empresa \u00e9 Marcos  Cadena o qual poder\u00e1 ser contatado pelos seguintes meios: <\/p>\n\n\n\n<ol class=\"wp-block-list\"><li>Email:&nbsp;<a href=\"mailto:privacy.corporate@minor.com\">privacy.corporate@minor.com<\/a><\/li><li>Endere\u00e7o postal: Berli Jucker House, 99 Soi Rubia, Sukhumvit 42 Rd, Bangkok 10110, Thailand<\/li><\/ol>\n\n\n\n<p><strong>Minor Hotels em Portugal<\/strong><br>A pessoa respons\u00e1vel pela Prote\u00e7\u00e3o de Dados \u00e9 Filipa Jord\u00e3o (<em>Head of Data Privacy<\/em>) a qual poder\u00e1 ser contactada pelos seguintes meios:<\/p>\n\n\n\n<ol class=\"wp-block-list\"><li>Email:&nbsp;<a href=\"mailto:dpo.mhpt@minorhotels.com\">dpo.mhpt@minorhotels.com<\/a><\/li><li>Endere\u00e7o postal: Rua Barata Salgueiro 37, &#8211; 1\u00ba andar 1250-042 Lisboa, Portugal<\/li><\/ol>\n\n\n\n<p><strong>Oaks Hotels e qualquer das nossas entidades na Austr\u00e1lia<\/strong><br> A pessoa respons\u00e1vel pela Prote\u00e7\u00e3o de Dados \u00e9 <em>Romesh Niles (Head of Data Protection)<\/em> o qual poder\u00e1 ser contactado pelos seguintes meios: <\/p>\n\n\n\n<ol class=\"wp-block-list\"><li>Email:&nbsp;<a href=\"mailto:Privacy.corporate@minorhotels.com.au\">Privacy.corporate@minor.com<\/a><\/li><li>Endere\u00e7o postal: Rua Barata Salgueiro 37, &#8211; 1\u00ba andar 1250-042 Lisboa, Portugal<\/li><\/ol>\n\n\n\n<div style=\"height:30px\" aria-hidden=\"true\" class=\"wp-block-spacer\"><\/div>\n\n\n\n<h3 class=\"wp-block-heading\">Como utilizamos esta informa\u00e7\u00e3o<\/h3>\n\n\n\n<p>Utilizaremos esta informa\u00e7\u00e3o para as seguintes finalidades:<\/p>\n\n\n\n<ul class=\"wp-block-list\"><li>Para cumprir as nossas obriga\u00e7\u00f5es de servi\u00e7o ao cliente: gest\u00e3o de reservas e estadia do cliente nos nossos estabelecimentos, pagamento, servi\u00e7os de restaura\u00e7\u00e3o de acordo com as suas solicita\u00e7\u00f5es, monitoriza\u00e7\u00e3o da utiliza\u00e7\u00e3o dos servi\u00e7os (telefone, bar, televis\u00e3o mediante pagamento, etc.) em resposta \u00e0 rela\u00e7\u00e3o contratual entre n\u00f3s e o utilizador, como a reserva de hotel ou pedido de um servi\u00e7o.  <\/li><li> Melhoria dos nossos servi\u00e7os: avalia\u00e7\u00e3o dos nossos servi\u00e7os em hot\u00e9is, restaurantes e outros estabelecimentos, melhoria do funcionamento da nossa atividade como parte da rela\u00e7\u00e3o contratual entre n\u00f3s e o utilizador.  <\/li><li> Personaliza\u00e7\u00e3o dos nossos servi\u00e7os e comunica\u00e7\u00f5es: personalizar conte\u00fados e a nossa experi\u00eancia e oferta digital ao cliente, compreender os requisitos dos clientes com vista ao desenvolvimento segmentado de programas de marketing, newsletters e promo\u00e7\u00f5es. Procuraremos sempre obter e registar a autoriza\u00e7\u00e3o do utilizador para aceitar participar em quaisquer campanhas de marketing. A utiliza\u00e7\u00e3o da informa\u00e7\u00e3o do utilizador para efeitos de marketing \u00e9 apresentada com maior detalhe na sec\u00e7\u00e3o de Marketing infra. A personaliza\u00e7\u00e3o do nosso website com base nas suas prefer\u00eancias est\u00e1 detalhada na sec\u00e7\u00e3o sobre Cookies, no final da presente Politica.<\/li><li> Recrutamento: recrutamento de colaboradores ou estagi\u00e1rios para o Minor Group. O envio pelo utilizador de informa\u00e7\u00e3o para n\u00f3s com vista a uma candidatura para uma fun\u00e7\u00e3o no Minor Group d\u00e1-nos a sua autoriza\u00e7\u00e3o para podermos tratar os respetivos dados como parte integrante do processo de recrutamento. <\/li><li> Cumprimento de obriga\u00e7\u00f5es legais: cumprimento da legisla\u00e7\u00e3o aplic\u00e1vel, nomeadamente em mat\u00e9ria de legisla\u00e7\u00e3o local sobre privacidade, preven\u00e7\u00e3o de fraude e de branqueamento de capitais, investiga\u00e7\u00f5es policiais e regulamenta\u00e7\u00e3o sobre turismo.<\/li><\/ul>\n\n\n\n<div style=\"height:30px\" aria-hidden=\"true\" class=\"wp-block-spacer\"><\/div>\n\n\n\n<h3 class=\"wp-block-heading\">Marketing<\/h3>\n\n\n\n<p> Gostar\u00edamos de enviar ao utilizador informa\u00e7\u00e3o acerca de novos produtos e servi\u00e7os, nossos e de outras empresas do Grupo, que poder\u00e3o ser do respetivo interesse. Se aquele deu o seu consentimento para receber comunica\u00e7\u00f5es de marketing, poder\u00e1 retirar o mesmo mais tarde.   <\/p>\n\n\n\n<p>A qualquer momento poder\u00e1 solicitar que deixemos de o contatar para finalidades de marketing.<\/p>\n\n\n\n<p>Todas as mensagens de email cont\u00eam um link que lhe permite facilmente optar pela exclus\u00e3o dos nossos servi\u00e7os e caso n\u00e3o deseje voltar a ser contatado para finalidades de marketing, poder\u00e1 optar igualmente pela exclus\u00e3o a qualquer momento.<\/p>\n\n\n\n<div style=\"height:30px\" aria-hidden=\"true\" class=\"wp-block-spacer\"><\/div>\n\n\n\n<h3 class=\"wp-block-heading\"><strong>Como s\u00e3o conservados os dados e com quem poder\u00e3o ser partilhados<\/strong><\/h3>\n\n\n\n<p>Os dados s\u00e3o registados em papel e em sistemas inform\u00e1ticos. A nossa Politica sobre conserva\u00e7\u00e3o de dados define o local onde os mesmos ser\u00e3o conservados para as finalidades supra indicadas.<\/p>\n\n\n\n<p>Os dados poder\u00e3o estar guardados em sistemas inform\u00e1ticos partilhados com empresas do Grupo, as quais poder\u00e3o aceder aos dados para as finalidades acima mencionadas.<\/p>\n\n\n\n<p>Como empresa global na \u00e1rea da hospitalidade, poderemos transferir os Dados Pessoais do utilizador para m\u00faltiplas jurisdi\u00e7\u00f5es, na medida em que, com crit\u00e9rios de razoabilidade, tal for necess\u00e1rio para as finalidades em causa e nos termos da presente Pol\u00edtica de Privacidade, pelo que aqueles Dados Pessoais poder\u00e3o ser transferidos para os seguintes locais:<\/p>\n\n\n\n<ul class=\"wp-block-list\"><li>Pa\u00edses onde se encontrem os nossos escrit\u00f3rios societ\u00e1rios;<\/li><li> Pa\u00edses onde gerimos e operamos hot\u00e9is, resid\u00eancias e\/ou estabelecimentos comerciais; <\/li><li> Pa\u00edses nos quais os nossos prestadores de servi\u00e7os, assessores e consultores estejam situados, o que poder\u00e1 ser periodicamente alterado.<\/li><\/ul>\n\n\n\n<p>Quando os Dados Pessoais forem transferidos para um pa\u00eds com um n\u00edvel de prote\u00e7\u00e3o de dados inferior, comparado com o pa\u00eds no qual a informa\u00e7\u00e3o foi recolhida, o Minor Group apenas transferir\u00e1 dados para o estrangeiro se estiverem implementadas as salvaguardas adequadas e se os direitos dos titulares dos dados forem exequ\u00edveis e as medidas jur\u00eddicas corretivas que lhes assistem forem eficazes.<\/p>\n\n\n\n<p>Apenas partilharemos a informa\u00e7\u00e3o respeitante ao utilizador com outras entidades dentro do nosso Grupo ou com empresas terceiras quando:<\/p>\n\n\n\n<ul class=\"wp-block-list\"><li>Nos der o respetivo consentimento para podermos partilhar esta informa\u00e7\u00e3o com empresas terceiras para receber materiais de marketing das mesmas;<\/li><li> A partilha de informa\u00e7\u00e3o com outras entidades dentro do nosso Grupo ou com empresas terceiras (como por exemplo os nossos fornecedores) for necess\u00e1ria para a presta\u00e7\u00e3o dos servi\u00e7os que nos solicitou.<\/li><\/ul>\n\n\n\n<p>Sem preju\u00edzo de quaisquer comunica\u00e7\u00f5es efetuadas com vista ao cumprimento de obriga\u00e7\u00f5es legais, os dados tamb\u00e9m poder\u00e3o ser divulgados a terceiros externos nos termos exigidos por lei ou pelos regulamentos aplic\u00e1veis (por ex. tribunal, inst\u00e2ncias judiciais, autoridade reguladora ou entidade governamental).<\/p>\n\n\n\n<p>Quando partilhamos a informa\u00e7\u00e3o respeitante ao utilizador com outras entidades dentro do nosso Grupo ou com empresas terceiras contratadas, tomaremos todas as medidas razo\u00e1veis para assegurar que esta informa\u00e7\u00e3o e a respetiva privacidade est\u00e3o protegidas de acordo com as obriga\u00e7\u00f5es legais aplic\u00e1veis.<\/p>\n\n\n\n<p>O per\u00edodo de reten\u00e7\u00e3o da sua informa\u00e7\u00e3o, documentado na nosso Politica de reten\u00e7\u00e3o de dados, ser\u00e1 determinado com base nos seguintes crit\u00e9rios:<\/p>\n\n\n\n<ul class=\"wp-block-list\"><li>Necessidades razo\u00e1veis da atividade: enquanto fornecermos bens e prestarmos servi\u00e7os ao utilizador, ou gerirmos a nossa rela\u00e7\u00e3o com o mesmo, no \u00e2mbito da gest\u00e3o das nossas opera\u00e7\u00f5es; e\/ou<\/li><li> Per\u00edodos razo\u00e1veis legalmente previstos: pelo per\u00edodo em que algu\u00e9m pode interpor uma a\u00e7\u00e3o contra n\u00f3s ou pelo per\u00edodo em que tivermos de cumprir as nossas obriga\u00e7\u00f5es fiscais e legais; e\/ou <\/li><li> Outros per\u00edodos de reten\u00e7\u00e3o em linha com orienta\u00e7\u00f5es e requisitos legais e regulat\u00f3rios.<\/li><\/ul>\n\n\n\n<p>O Minor Group cumprir\u00e1 o per\u00edodo de tempo legalmente exigido em cada jurisdi\u00e7\u00e3o para a reten\u00e7\u00e3o de dados pessoais.<\/p>\n\n\n\n<div style=\"height:30px\" aria-hidden=\"true\" class=\"wp-block-spacer\"><\/div>\n\n\n\n<h3 class=\"wp-block-heading\"><strong>Viola\u00e7\u00e3o de dados<\/strong><\/h3>\n\n\n\n<p>Se tiver sido comprometida a confidencialidade, integridade ou disponibilidade da informa\u00e7\u00e3o de identifica\u00e7\u00e3o pessoal, o Minor Group cumprir\u00e1 os requisitos das leis aplic\u00e1veis na(s) regi\u00e3o(\u00f5es) afetadas, incluindo o Regulamento Geral da Prote\u00e7\u00e3o de Dados da UE e a legisla\u00e7\u00e3o local.<\/p>\n\n\n\n<p>A nossa atua\u00e7\u00e3o ser\u00e1 proporcional \u00e0 gravidade do dano associado \u00e0 exposi\u00e7\u00e3o, aos requisitos legais e aos requisitos aplic\u00e1veis pelas entidades reguladoras. Tal poder\u00e1 incluir a notifica\u00e7\u00e3o ao titular do dados e \u00e0 autoridade de supervis\u00e3o de prote\u00e7\u00e3o de dados, para lhes disponibilizar:<\/p>\n\n\n\n<ul class=\"wp-block-list\"><li>Uma descri\u00e7\u00e3o da ocorr\u00eancia;<\/li><li> As categorias de informa\u00e7\u00e3o abrangidas; e<\/li><li> Os passos seguintes que dever\u00e3o ser dados em resposta \u00e0 viola\u00e7\u00e3o dos dados.<\/li><\/ul>\n\n\n\n<p>Para determinar se a viola\u00e7\u00e3o de dados comportar\u00e1 um elevado risco para os direitos e liberdades dos titulares dos dados, teremos em conta fatores como a sensibilidade da informa\u00e7\u00e3o, o tipo de pessoas que poder\u00e3o ter obtido a informa\u00e7\u00e3o e a natureza do dano.<br><\/p>\n\n\n\n<p>Em todos os casos em que tomarmos conhecimento de que existiu uma viola\u00e7\u00e3o de dados mas relativamente \u00e0 qual as circunst\u00e2ncias n\u00e3o sejam claras, levaremos a cabo uma avalia\u00e7\u00e3o expedita das circunst\u00e2ncias para determinar o n\u00edvel de notifica\u00e7\u00e3o necess\u00e1rio para quaisquer entidades reguladoras, dentro dos prazos previstos pela regulamenta\u00e7\u00e3o aplic\u00e1vel e para assegurar que qualquer incidente \u00e9 contido com a maior brevidade poss\u00edvel e dentro de um espa\u00e7o de tempo razo\u00e1vel face \u00e0s circunst\u00e2ncias em causa.<\/p>\n\n\n\n<div style=\"height:30px\" aria-hidden=\"true\" class=\"wp-block-spacer\"><\/div>\n\n\n\n<h3 class=\"wp-block-heading\"><strong>Quais os<\/strong><strong> direitos do titular dos dados e como poder\u00e1 exerc\u00ea-los<\/strong><\/h3>\n\n\n\n<p>Ter\u00e1 direito a determinar a forma como utilizamos os seus dados e a opor-se \u00e0s finalidades do tratamento, em qualquer momento. Ter\u00e1 direito a retirar o seu consentimento a qualquer momento, sem preju\u00edzo do tratamento de dados que legalmente possa ser efetuado com base no seu consentimento dado anteriormente e at\u00e9 este momento.<\/p>\n\n\n\n<p>Recordamos que lhe assiste o direito a solicitar-nos o acesso, retifica\u00e7\u00e3o ou elimina\u00e7\u00e3o dos dados pessoais, ou limitar o tratamento, ou opor-se ao tratamento dos dados que lhe dizem respeito sempre de acordo com as restri\u00e7\u00f5es legais aplic\u00e1veis.<\/p>\n\n\n\n<p>Tamb\u00e9m tem direito a receber os dados pessoais que nos tiver facultado, num formato estruturado, de uso corrente e de leitura autom\u00e1tica e ter\u00e1 igualmente o direito a transmitir esses dados para outro Respons\u00e1vel pelo Tratamento sem qualquer interfer\u00eancia da nossa parte. Ao exercer o seu direito \u00e0 portabilidade dos dados, tem direito a que os seus dados pessoais sejam transmitidos diretamente de um respons\u00e1vel pelo tratamento para outro, sempre que tal for tecnicamente poss\u00edvel.<\/p>\n\n\n\n<p>Em determinadas circunst\u00e2ncias, quando a lei aplic\u00e1vel o permitir, ter\u00e1 ainda direito a apresentar uma reclama\u00e7\u00e3o junto da autoridade de supervis\u00e3o de prote\u00e7\u00e3o de dados que for competente para o efeito.<\/p>\n\n\n\n<p>Poder\u00e1 contactar-nos para o endere\u00e7o&nbsp;<a href=\"mailto:privacy.corporate@minor.com\">privacy.corporate@minor.com<\/a>&nbsp;para exercer os seus direitos. Tenha presente que poderemos solicitar um comprovativo da sua identidade antes de procedermos a quaisquer altera\u00e7\u00f5es.<\/p>\n\n\n\n<div style=\"height:30px\" aria-hidden=\"true\" class=\"wp-block-spacer\"><\/div>\n\n\n\n<h3 class=\"wp-block-heading\"><em>Cookies<\/em><\/h3>\n\n\n\n<p> Utilizamos <em>cookies <\/em>(pequenos ficheiros de texto armazenados no seu browser) e outras t\u00e9cnicas como <em>web beacons<\/em> (pequenos e claros ficheiros de imagem utilizados para seguir os seus movimentos no nosso <em>website<\/em>). Estes recolhem informa\u00e7\u00e3o que nos revela como utiliza o nosso <em>website<\/em> e os servi\u00e7os relacionados com a <em>web<\/em>. Utilizamos os mesmos para compilar relat\u00f3rios estat\u00edsticos sobre a atividade no website. <\/p>\n\n\n\n<p> Isto ajuda-nos a tornar o nosso <em>website<\/em> relevante em fun\u00e7\u00e3o dos seus interesses e necessidades. Poderemos utilizar um <em>cookie<\/em> persistente (um <em>cookie <\/em>que se mant\u00e9m ligado ao seu <em>browser<\/em>) para registar os seus detalhes de forma a podermos reconhec\u00ea-lo se voltar a visitar novamente o nosso <em>website<\/em>. <\/p>\n\n\n\n<p>Poder\u00e1 optar por recusar os cookies, ou configurar o seu browser para que possa ser informado cada vez que um website tentar instalar um cookie. Para mais informa\u00e7\u00e3o sobre cookies, visite em <a href=\"http:\/\/www.aboutcookies.org\">www.aboutcookies.org<\/a> ou <a href=\"http:\/\/www.allaboutcookies.org\">www.allaboutcookies.org<\/a> onde poder\u00e1 encontrar igualmente informa\u00e7\u00e3o acerca de como desativar os mesmos.<\/p>\n\n\n\n<p>O tipo de&nbsp;<em>cookies<\/em>&nbsp;que utilizamos no presente&nbsp;<em>website<\/em>&nbsp;incluem:<\/p>\n\n\n\n<ol class=\"wp-block-list\"><li>Cookies Estritamente Necess\u00e1rios: Estes cookies s\u00e3o essenciais, uma vez que lhe permitem navegar pelo Servi\u00e7o e utilizar as suas funcionalidades, nomeadamente o acesso a \u00e1reas com registo de acesso e a \u00e1reas seguras do website.<\/li><li>Cookies Publicit\u00e1rios: Estes cookies s\u00e3o utilizados para elaborar mensagens publicit\u00e1rias relevantes para si. Desempenham fun\u00e7\u00f5es tais como evitar que os mesmos an\u00fancios apare\u00e7am repetidamente, assegurando que os mesmos s\u00e3o adequadamente exibidos, e em alguns casos sejam selecionados an\u00fancios com base nos seus interesses.<\/li><li> Cookies Anal\u00edticos: Estes cookies recolhem informa\u00e7\u00e3o que \u00e9 utilizada, quer de forma agregada para nos ajudar a compreender como \u00e9 que os websites do Minor Group est\u00e3o a ser utilizados e qual a efic\u00e1cia das nossas campanhas de marketing, bem como para nos ajudar a personalizar os nossos websites de acordo com as suas prefer\u00eancias. Esta informa\u00e7\u00e3o ser\u00e1 igualmente utilizada para avaliar a sua utiliza\u00e7\u00e3o do website do Minor Group, compilando relat\u00f3rios acerca da atividade no website do Minor Group para os operadores do website do Minor Group, prestando-lhes outros servi\u00e7os relacionados com a atividade no website do Minor Group e com a utiliza\u00e7\u00e3o da Internet.<\/li><\/ol>\n\n\n\n<p>Se desejar bloquear os&nbsp;<em>cookies<\/em>&nbsp;visite:<\/p>\n\n\n\n<ul class=\"wp-block-list\"><li>Google AdWords &#8211;\u00a0<a href=\"http:\/\/www.google.com\/settings\/ads\">http:\/\/www.google.com\/settings\/ads<\/a><\/li><li> Facebook Pixel &#8211; Poder\u00e1 desativar quaisquer destes cookies ou tecnologias similares nas defini\u00e7\u00f5es do seu browser.<\/li><li> Publicidade no Twitter &#8211; Poder\u00e1 desativar an\u00fancios personalizados nas defini\u00e7\u00f5es do seu Twitter visitando as sec\u00e7\u00f5es &#8220;Conte\u00fado promovido&#8221; e &#8220;Personaliza\u00e7\u00e3o&#8221;<\/li><li> Google Analytics &#8211; Poder\u00e1 desativar quaisquer destes cookies nas defini\u00e7\u00f5es do seu browser ou efetuando o download de um browser add-in:\u00a0<a href=\"https:\/\/tools.google.com\/dlpage\/gaoptout?hl=pt-BR\">https:\/\/tools.google.com\/dlpage\/gaoptout?hl=pt-BR<\/a>.<\/li><\/ul>\n\n\n\n<p>Poder\u00e1 desativar quaisquer destes&nbsp;<em>cookies<\/em>&nbsp;nas defini\u00e7\u00f5es do seu&nbsp;<em>browser<\/em>.<\/p>\n\n\n\n<div style=\"height:30px\" aria-hidden=\"true\" class=\"wp-block-spacer\"><\/div>\n\n\n\n<h3 class=\"wp-block-heading\">Outros <em>websites<\/em><\/h3>\n\n\n\n<p>A presente Politica de Privacidade aplica-se apenas ao presente website, que cont\u00e9m liga\u00e7\u00f5es para outros websites. Se aceder a esses outros websites atrav\u00e9s das liga\u00e7\u00f5es aqui inclu\u00eddas dever\u00e1 ler as pol\u00edticas de privacidade espec\u00edficas desses websites.<\/p>\n","protected":false},"excerpt":{"rendered":"<p>Privacidade e Termos de Utiliza\u00e7\u00e3o A Minor International PCL e as suas subsidi\u00e1rias (&#8220;Minor Group&#8221;, &#8220;n\u00f3s&#8221; ou &#8220;a Empresa&#8221;) (o &#8220;Respons\u00e1vel pelo Tratamento&#8221;) formam uma empresa global centrada em tr\u00eas principais \u00e1reas de neg\u00f3cio , incluindo restaura\u00e7\u00e3o, hot\u00e9is e distribui\u00e7\u00e3o de marcas de retalho. Compreendemos e respeitamos a import\u00e2ncia da sua privacidade e de seguida [&hellip;]<\/p>\n","protected":false},"author":1,"featured_media":70,"parent":0,"menu_order":0,"comment_status":"closed","ping_status":"closed","template":"","meta":{"_acf_changed":false,"om_disable_all_campaigns":false,"inline_featured_image":false,"footnotes":""},"class_list":["post-1106","page","type-page","status-publish","has-post-thumbnail","hentry","page-entry"],"acf":[],"aioseo_notices":[],"_links":{"self":[{"href":"https:\/\/www.centrocongressosalgarve.com\/pt-pt\/wp-json\/wp\/v2\/pages\/1106","targetHints":{"allow":["GET"]}}],"collection":[{"href":"https:\/\/www.centrocongressosalgarve.com\/pt-pt\/wp-json\/wp\/v2\/pages"}],"about":[{"href":"https:\/\/www.centrocongressosalgarve.com\/pt-pt\/wp-json\/wp\/v2\/types\/page"}],"author":[{"embeddable":true,"href":"https:\/\/www.centrocongressosalgarve.com\/pt-pt\/wp-json\/wp\/v2\/users\/1"}],"replies":[{"embeddable":true,"href":"https:\/\/www.centrocongressosalgarve.com\/pt-pt\/wp-json\/wp\/v2\/comments?post=1106"}],"version-history":[{"count":5,"href":"https:\/\/www.centrocongressosalgarve.com\/pt-pt\/wp-json\/wp\/v2\/pages\/1106\/revisions"}],"predecessor-version":[{"id":3297,"href":"https:\/\/www.centrocongressosalgarve.com\/pt-pt\/wp-json\/wp\/v2\/pages\/1106\/revisions\/3297"}],"wp:featuredmedia":[{"embeddable":true,"href":"https:\/\/www.centrocongressosalgarve.com\/pt-pt\/wp-json\/wp\/v2\/media\/70"}],"wp:attachment":[{"href":"https:\/\/www.centrocongressosalgarve.com\/pt-pt\/wp-json\/wp\/v2\/media?parent=1106"}],"curies":[{"name":"wp","href":"https:\/\/api.w.org\/{rel}","templated":true}]}}