{"id":3247,"date":"2022-05-20T18:31:35","date_gmt":"2022-05-20T18:31:35","guid":{"rendered":"https:\/\/www.centrocongressosalgarve.com\/accommodation\/"},"modified":"2025-07-08T14:28:41","modified_gmt":"2025-07-08T14:28:41","slug":"accommodation","status":"publish","type":"page","link":"https:\/\/www.centrocongressosalgarve.com\/pt-pt\/accommodation\/","title":{"rendered":"Alojamento"},"content":{"rendered":"\n<h2 class=\"wp-block-heading\">Alojamento de luxo para o seu evento<\/h2>\n\n\n\n<p>Complemente o seu evento com uma estadia inesquec\u00edvel e beneficie de uma ampla sele\u00e7\u00e3o de op\u00e7\u00f5es de alojamento em Vilamoura, com mais de 3.000 quartos em propriedades de 4 e 5 estrelas.<\/p>\n\n\n\n<p><br>Para maior proximidade da Marina de Vilamoura e da praia, descubra o Tivoli Marina Vilamoura com 383 quartos sofisticados, e reconhecido como \u201cMelhor Hotel MICE 2025\u201d pelos Portugal Travel Awards by Publituris.<\/p>\n\n\n\n<div class=\"wp-block-columns is-layout-flex wp-container-core-columns-is-layout-9d6595d7 wp-block-columns-is-layout-flex\">\n<div class=\"wp-block-column is-layout-flow wp-block-column-is-layout-flow\">\n<figure class=\"wp-block-image size-medium is-resized\"><img loading=\"lazy\" decoding=\"async\" width=\"300\" height=\"136\" src=\"https:\/\/www.centrocongressosalgarve.com\/files\/uploads\/2025\/07\/best-mice-hotel-2025-300x136.png\" alt=\"\" class=\"wp-image-4609\" style=\"width:235px;height:auto\" srcset=\"https:\/\/www.centrocongressosalgarve.com\/files\/uploads\/2025\/07\/best-mice-hotel-2025-300x136.png 300w, https:\/\/www.centrocongressosalgarve.com\/files\/uploads\/2025\/07\/best-mice-hotel-2025-1024x464.png 1024w, https:\/\/www.centrocongressosalgarve.com\/files\/uploads\/2025\/07\/best-mice-hotel-2025-768x348.png 768w, https:\/\/www.centrocongressosalgarve.com\/files\/uploads\/2025\/07\/best-mice-hotel-2025-1536x696.png 1536w, https:\/\/www.centrocongressosalgarve.com\/files\/uploads\/2025\/07\/best-mice-hotel-2025-2048x929.png 2048w\" sizes=\"auto, (max-width: 300px) 100vw, 300px\" \/><\/figure>\n<\/div>\n\n\n\n<div class=\"wp-block-column is-layout-flow wp-block-column-is-layout-flow\"><\/div>\n<\/div>\n\n\n\n<div style=\"height:80px\" aria-hidden=\"true\" class=\"wp-block-spacer\"><\/div>\n","protected":false},"excerpt":{"rendered":"<p>Alojamento de luxo para o seu evento Complemente o seu evento com uma estadia inesquec\u00edvel e beneficie de uma ampla sele\u00e7\u00e3o de op\u00e7\u00f5es de alojamento em Vilamoura, com mais de 3.000 quartos em propriedades de 4 e 5 estrelas. Para maior proximidade da Marina de Vilamoura e da praia, descubra o Tivoli Marina Vilamoura com [&hellip;]<\/p>\n","protected":false},"author":1,"featured_media":0,"parent":0,"menu_order":0,"comment_status":"closed","ping_status":"closed","template":"templates\/accommodation.php","meta":{"_acf_changed":false,"om_disable_all_campaigns":false,"inline_featured_image":false,"footnotes":""},"class_list":["post-3247","page","type-page","status-publish","hentry","page-entry"],"acf":[],"aioseo_notices":[],"_links":{"self":[{"href":"https:\/\/www.centrocongressosalgarve.com\/pt-pt\/wp-json\/wp\/v2\/pages\/3247","targetHints":{"allow":["GET"]}}],"collection":[{"href":"https:\/\/www.centrocongressosalgarve.com\/pt-pt\/wp-json\/wp\/v2\/pages"}],"about":[{"href":"https:\/\/www.centrocongressosalgarve.com\/pt-pt\/wp-json\/wp\/v2\/types\/page"}],"author":[{"embeddable":true,"href":"https:\/\/www.centrocongressosalgarve.com\/pt-pt\/wp-json\/wp\/v2\/users\/1"}],"replies":[{"embeddable":true,"href":"https:\/\/www.centrocongressosalgarve.com\/pt-pt\/wp-json\/wp\/v2\/comments?post=3247"}],"version-history":[{"count":5,"href":"https:\/\/www.centrocongressosalgarve.com\/pt-pt\/wp-json\/wp\/v2\/pages\/3247\/revisions"}],"predecessor-version":[{"id":4619,"href":"https:\/\/www.centrocongressosalgarve.com\/pt-pt\/wp-json\/wp\/v2\/pages\/3247\/revisions\/4619"}],"wp:attachment":[{"href":"https:\/\/www.centrocongressosalgarve.com\/pt-pt\/wp-json\/wp\/v2\/media?parent=3247"}],"curies":[{"name":"wp","href":"https:\/\/api.w.org\/{rel}","templated":true}]}}